{"id":9763,"date":"2021-10-11T12:12:31","date_gmt":"2021-10-11T16:50:17","guid":{"rendered":"https:\/\/synstudio.ca\/?post_type=product&#038;p=9763"},"modified":"2024-12-19T13:04:55","modified_gmt":"2024-12-19T18:04:55","slug":"concept-dinterieurs","status":"publish","type":"product","link":"https:\/\/synstudio.ca\/fr\/cours-art-en-ligne\/concept-dinterieurs\/","title":{"rendered":"Concept d&rsquo;int\u00e9rieurs"},"content":{"rendered":"","protected":false},"excerpt":{"rendered":"<p>Apprenez \u00e0 imaginer, concevoir et peindre un espace int\u00e9rieur riche et complet sur 2 niveaux du d\u00e9but \u00e0 la fin<\/p>\n","protected":false},"featured_media":9745,"comment_status":"closed","ping_status":"closed","template":"","meta":{"_lmt_disableupdate":"no","_lmt_disable":"","footnotes":""},"product_cat":[48,115],"product_tag":[],"class_list":["post-9763","product","type-product","status-publish","has-post-thumbnail","hentry","product_cat-cours-art-en-ligne","product_cat-classes-inactives"],"yoast_head":"<!-- This site is optimized with the Yoast SEO plugin v22.5 - https:\/\/yoast.com\/wordpress\/plugins\/seo\/ -->\n<title>Concept d&#039;int\u00e9rieurs - Syn Studio<\/title>\n<meta name=\"description\" content=\"Concept d\u2019int\u00e9rieurs explore la composition, la perspective et les d\u00e9tails pour concevoir des espaces int\u00e9rieurs immersifs et visuellement convaincants.\" \/>\n<meta name=\"robots\" content=\"index, follow, max-snippet:-1, max-image-preview:large, max-video-preview:-1\" \/>\n<link rel=\"canonical\" href=\"https:\/\/synstudio.ca\/fr\/cours-art-en-ligne\/concept-dinterieurs\/\" \/>\n<meta property=\"og:locale\" content=\"fr_FR\" \/>\n<meta property=\"og:type\" content=\"article\" \/>\n<meta property=\"og:title\" content=\"Concept d&#039;int\u00e9rieurs - Syn Studio\" \/>\n<meta property=\"og:description\" content=\"Concept d\u2019int\u00e9rieurs explore la composition, la perspective et les d\u00e9tails pour concevoir des espaces int\u00e9rieurs immersifs et visuellement convaincants.\" \/>\n<meta property=\"og:url\" content=\"https:\/\/synstudio.ca\/fr\/cours-art-en-ligne\/concept-dinterieurs\/\" \/>\n<meta property=\"og:site_name\" content=\"Syn Studio\" \/>\n<meta property=\"article:modified_time\" content=\"2024-12-19T18:04:55+00:00\" \/>\n<meta property=\"og:image\" content=\"https:\/\/synstudio.ca\/wp-content\/uploads\/2021\/10\/0010_Paulo-Galamgam_INTDESIGN_LEAD.jpg\" \/>\n\t<meta property=\"og:image:width\" content=\"1155\" \/>\n\t<meta property=\"og:image:height\" content=\"1091\" \/>\n\t<meta property=\"og:image:type\" content=\"image\/jpeg\" \/>\n<meta name=\"twitter:card\" content=\"summary_large_image\" \/>\n<!-- \/ Yoast SEO plugin. -->","yoast_head_json":{"title":"Concept d'int\u00e9rieurs - Syn Studio","description":"Concept d\u2019int\u00e9rieurs explore la composition, la perspective et les d\u00e9tails pour concevoir des espaces int\u00e9rieurs immersifs et visuellement convaincants.","robots":{"index":"index","follow":"follow","max-snippet":"max-snippet:-1","max-image-preview":"max-image-preview:large","max-video-preview":"max-video-preview:-1"},"canonical":"https:\/\/synstudio.ca\/fr\/cours-art-en-ligne\/concept-dinterieurs\/","og_locale":"fr_FR","og_type":"article","og_title":"Concept d'int\u00e9rieurs - Syn Studio","og_description":"Concept d\u2019int\u00e9rieurs explore la composition, la perspective et les d\u00e9tails pour concevoir des espaces int\u00e9rieurs immersifs et visuellement convaincants.","og_url":"https:\/\/synstudio.ca\/fr\/cours-art-en-ligne\/concept-dinterieurs\/","og_site_name":"Syn Studio","article_modified_time":"2024-12-19T18:04:55+00:00","og_image":[{"width":1155,"height":1091,"url":"https:\/\/synstudio.ca\/wp-content\/uploads\/2021\/10\/0010_Paulo-Galamgam_INTDESIGN_LEAD.jpg","type":"image\/jpeg"}],"twitter_card":"summary_large_image","schema":{"@context":"https:\/\/schema.org","@graph":[{"@type":"WebPage","@id":"https:\/\/synstudio.ca\/fr\/cours-art-en-ligne\/concept-dinterieurs\/","url":"https:\/\/synstudio.ca\/fr\/cours-art-en-ligne\/concept-dinterieurs\/","name":"Concept d'int\u00e9rieurs - Syn Studio","isPartOf":{"@id":"https:\/\/synstudio.ca\/fr\/#website"},"primaryImageOfPage":{"@id":"https:\/\/synstudio.ca\/fr\/cours-art-en-ligne\/concept-dinterieurs\/#primaryimage"},"image":{"@id":"https:\/\/synstudio.ca\/fr\/cours-art-en-ligne\/concept-dinterieurs\/#primaryimage"},"thumbnailUrl":"https:\/\/synstudio.ca\/wp-content\/uploads\/2021\/10\/0010_Paulo-Galamgam_INTDESIGN_LEAD.jpg","datePublished":"2021-10-11T16:50:17+00:00","dateModified":"2024-12-19T18:04:55+00:00","description":"Concept d\u2019int\u00e9rieurs explore la composition, la perspective et les d\u00e9tails pour concevoir des espaces int\u00e9rieurs immersifs et visuellement convaincants.","breadcrumb":{"@id":"https:\/\/synstudio.ca\/fr\/cours-art-en-ligne\/concept-dinterieurs\/#breadcrumb"},"inLanguage":"fr-FR","potentialAction":[{"@type":"ReadAction","target":["https:\/\/synstudio.ca\/fr\/cours-art-en-ligne\/concept-dinterieurs\/"]}]},{"@type":"ImageObject","inLanguage":"fr-FR","@id":"https:\/\/synstudio.ca\/fr\/cours-art-en-ligne\/concept-dinterieurs\/#primaryimage","url":"https:\/\/synstudio.ca\/wp-content\/uploads\/2021\/10\/0010_Paulo-Galamgam_INTDESIGN_LEAD.jpg","contentUrl":"https:\/\/synstudio.ca\/wp-content\/uploads\/2021\/10\/0010_Paulo-Galamgam_INTDESIGN_LEAD.jpg","width":1155,"height":1091},{"@type":"WebSite","@id":"https:\/\/synstudio.ca\/fr\/#website","url":"https:\/\/synstudio.ca\/fr\/","name":"Syn Studio","description":"Syn Studio is a Montreal art school specializing in teaching concept art and illustration for the entertainment industry.","publisher":{"@id":"https:\/\/synstudio.ca\/fr\/#organization"},"potentialAction":[{"@type":"SearchAction","target":{"@type":"EntryPoint","urlTemplate":"https:\/\/synstudio.ca\/fr\/?s={search_term_string}"},"query-input":"required name=search_term_string"}],"inLanguage":"fr-FR"},{"@type":"Organization","@id":"https:\/\/synstudio.ca\/fr\/#organization","name":"Syn Studio","url":"https:\/\/synstudio.ca\/fr\/","logo":{"@type":"ImageObject","inLanguage":"fr-FR","@id":"https:\/\/synstudio.ca\/fr\/#\/schema\/logo\/image\/","url":"https:\/\/synstudio.ca\/wp-content\/uploads\/2021\/01\/logo-email.png","contentUrl":"https:\/\/synstudio.ca\/wp-content\/uploads\/2021\/01\/logo-email.png","width":250,"height":105,"caption":"Syn Studio"},"image":{"@id":"https:\/\/synstudio.ca\/fr\/#\/schema\/logo\/image\/"}}]}},"_links":{"self":[{"href":"https:\/\/synstudio.ca\/fr\/wp-json\/wp\/v3\/product\/9763","targetHints":{"allow":["GET"]}}],"collection":[{"href":"https:\/\/synstudio.ca\/fr\/wp-json\/wp\/v3\/product"}],"about":[{"href":"https:\/\/synstudio.ca\/fr\/wp-json\/wp\/v2\/types\/product"}],"replies":[{"embeddable":true,"href":"https:\/\/synstudio.ca\/fr\/wp-json\/wp\/v2\/comments?post=9763"}],"version-history":[{"count":0,"href":"https:\/\/synstudio.ca\/fr\/wp-json\/wp\/v3\/product\/9763\/revisions"}],"wp:featuredmedia":[{"embeddable":true,"href":"https:\/\/synstudio.ca\/fr\/wp-json\/wp\/v2\/media\/9745"}],"wp:attachment":[{"href":"https:\/\/synstudio.ca\/fr\/wp-json\/wp\/v2\/media?parent=9763"}],"wp:term":[{"taxonomy":"product_cat","embeddable":true,"href":"https:\/\/synstudio.ca\/fr\/wp-json\/wp\/v2\/product_cat?post=9763"},{"taxonomy":"product_tag","embeddable":true,"href":"https:\/\/synstudio.ca\/fr\/wp-json\/wp\/v2\/product_tag?post=9763"}],"curies":[{"name":"wp","href":"https:\/\/api.w.org\/{rel}","templated":true}]}}