{"id":9733,"date":"2021-10-10T18:53:39","date_gmt":"2021-10-10T23:20:36","guid":{"rendered":"https:\/\/synstudio.ca\/?post_type=product&#038;p=9733"},"modified":"2026-03-19T15:00:05","modified_gmt":"2026-03-19T19:00:05","slug":"3d-pour-concept","status":"publish","type":"product","link":"https:\/\/synstudio.ca\/fr\/cours-art-en-ligne\/3d-pour-concept\/","title":{"rendered":"Introduction \u00e0 la 3D pour art conceptuel"},"content":{"rendered":"","protected":false},"excerpt":{"rendered":"<p>Apprenez les bases de certains outils logiciels 3D puissants afin de pouvoir cr\u00e9er des illustrations de personnages 2D percutantes.<\/p>\n","protected":false},"featured_media":17766,"comment_status":"closed","ping_status":"closed","template":"page-templates\/product-level4-control.php","meta":{"_lmt_disableupdate":"no","_lmt_disable":"","footnotes":""},"product_cat":[48,135],"product_tag":[],"class_list":["post-9733","product","type-product","status-publish","has-post-thumbnail","hentry","product_cat-cours-art-en-ligne","product_cat-cours-en-ligne-de-concept-art"],"yoast_head":"<!-- This site is optimized with the Yoast SEO plugin v22.5 - https:\/\/yoast.com\/wordpress\/plugins\/seo\/ -->\n<title>Introduction \u00e0 la 3D pour art conceptuel - Syn Studio<\/title>\n<meta name=\"description\" content=\"Commencer \u00e0 ma\u00eetriser les outils 3D pour am\u00e9liorer vos dessins conceptuels\" \/>\n<meta name=\"robots\" content=\"index, follow, max-snippet:-1, max-image-preview:large, max-video-preview:-1\" \/>\n<link rel=\"canonical\" href=\"https:\/\/synstudio.ca\/fr\/cours-art-en-ligne\/3d-pour-concept\/\" \/>\n<meta property=\"og:locale\" content=\"fr_FR\" \/>\n<meta property=\"og:type\" content=\"article\" \/>\n<meta property=\"og:title\" content=\"Introduction \u00e0 la 3D pour art conceptuel - Syn Studio\" \/>\n<meta property=\"og:description\" content=\"Commencer \u00e0 ma\u00eetriser les outils 3D pour am\u00e9liorer vos dessins conceptuels\" \/>\n<meta property=\"og:url\" content=\"https:\/\/synstudio.ca\/fr\/cours-art-en-ligne\/3d-pour-concept\/\" \/>\n<meta property=\"og:site_name\" content=\"Syn Studio\" \/>\n<meta property=\"article:modified_time\" content=\"2026-03-19T19:00:05+00:00\" \/>\n<meta property=\"og:image\" content=\"https:\/\/synstudio.ca\/wp-content\/uploads\/2021\/10\/colin-quigley-pokeballpurple-scaled.jpg\" \/>\n\t<meta property=\"og:image:width\" content=\"2560\" \/>\n\t<meta property=\"og:image:height\" content=\"2141\" \/>\n\t<meta property=\"og:image:type\" content=\"image\/jpeg\" \/>\n<meta name=\"twitter:card\" content=\"summary_large_image\" \/>\n<!-- \/ Yoast SEO plugin. -->","yoast_head_json":{"title":"Introduction \u00e0 la 3D pour art conceptuel - Syn Studio","description":"Commencer \u00e0 ma\u00eetriser les outils 3D pour am\u00e9liorer vos dessins conceptuels","robots":{"index":"index","follow":"follow","max-snippet":"max-snippet:-1","max-image-preview":"max-image-preview:large","max-video-preview":"max-video-preview:-1"},"canonical":"https:\/\/synstudio.ca\/fr\/cours-art-en-ligne\/3d-pour-concept\/","og_locale":"fr_FR","og_type":"article","og_title":"Introduction \u00e0 la 3D pour art conceptuel - Syn Studio","og_description":"Commencer \u00e0 ma\u00eetriser les outils 3D pour am\u00e9liorer vos dessins conceptuels","og_url":"https:\/\/synstudio.ca\/fr\/cours-art-en-ligne\/3d-pour-concept\/","og_site_name":"Syn Studio","article_modified_time":"2026-03-19T19:00:05+00:00","og_image":[{"width":2560,"height":2141,"url":"https:\/\/synstudio.ca\/wp-content\/uploads\/2021\/10\/colin-quigley-pokeballpurple-scaled.jpg","type":"image\/jpeg"}],"twitter_card":"summary_large_image","schema":{"@context":"https:\/\/schema.org","@graph":[{"@type":"WebPage","@id":"https:\/\/synstudio.ca\/fr\/cours-art-en-ligne\/3d-pour-concept\/","url":"https:\/\/synstudio.ca\/fr\/cours-art-en-ligne\/3d-pour-concept\/","name":"Introduction \u00e0 la 3D pour art conceptuel - Syn Studio","isPartOf":{"@id":"https:\/\/synstudio.ca\/fr\/#website"},"primaryImageOfPage":{"@id":"https:\/\/synstudio.ca\/fr\/cours-art-en-ligne\/3d-pour-concept\/#primaryimage"},"image":{"@id":"https:\/\/synstudio.ca\/fr\/cours-art-en-ligne\/3d-pour-concept\/#primaryimage"},"thumbnailUrl":"https:\/\/synstudio.ca\/wp-content\/uploads\/2021\/10\/colin-quigley-pokeballpurple-scaled.jpg","datePublished":"2021-10-10T23:20:36+00:00","dateModified":"2026-03-19T19:00:05+00:00","description":"Commencer \u00e0 ma\u00eetriser les outils 3D pour am\u00e9liorer vos dessins conceptuels","breadcrumb":{"@id":"https:\/\/synstudio.ca\/fr\/cours-art-en-ligne\/3d-pour-concept\/#breadcrumb"},"inLanguage":"fr-FR","potentialAction":[{"@type":"ReadAction","target":["https:\/\/synstudio.ca\/fr\/cours-art-en-ligne\/3d-pour-concept\/"]}]},{"@type":"ImageObject","inLanguage":"fr-FR","@id":"https:\/\/synstudio.ca\/fr\/cours-art-en-ligne\/3d-pour-concept\/#primaryimage","url":"https:\/\/synstudio.ca\/wp-content\/uploads\/2021\/10\/colin-quigley-pokeballpurple-scaled.jpg","contentUrl":"https:\/\/synstudio.ca\/wp-content\/uploads\/2021\/10\/colin-quigley-pokeballpurple-scaled.jpg","width":2560,"height":2141},{"@type":"WebSite","@id":"https:\/\/synstudio.ca\/fr\/#website","url":"https:\/\/synstudio.ca\/fr\/","name":"Syn Studio","description":"Syn Studio is a Montreal art school specializing in teaching concept art and illustration for the entertainment industry.","publisher":{"@id":"https:\/\/synstudio.ca\/fr\/#organization"},"potentialAction":[{"@type":"SearchAction","target":{"@type":"EntryPoint","urlTemplate":"https:\/\/synstudio.ca\/fr\/?s={search_term_string}"},"query-input":"required name=search_term_string"}],"inLanguage":"fr-FR"},{"@type":"Organization","@id":"https:\/\/synstudio.ca\/fr\/#organization","name":"Syn Studio","url":"https:\/\/synstudio.ca\/fr\/","logo":{"@type":"ImageObject","inLanguage":"fr-FR","@id":"https:\/\/synstudio.ca\/fr\/#\/schema\/logo\/image\/","url":"https:\/\/synstudio.ca\/wp-content\/uploads\/2021\/01\/logo-email.png","contentUrl":"https:\/\/synstudio.ca\/wp-content\/uploads\/2021\/01\/logo-email.png","width":250,"height":105,"caption":"Syn Studio"},"image":{"@id":"https:\/\/synstudio.ca\/fr\/#\/schema\/logo\/image\/"}}]}},"_links":{"self":[{"href":"https:\/\/synstudio.ca\/fr\/wp-json\/wp\/v3\/product\/9733","targetHints":{"allow":["GET"]}}],"collection":[{"href":"https:\/\/synstudio.ca\/fr\/wp-json\/wp\/v3\/product"}],"about":[{"href":"https:\/\/synstudio.ca\/fr\/wp-json\/wp\/v2\/types\/product"}],"replies":[{"embeddable":true,"href":"https:\/\/synstudio.ca\/fr\/wp-json\/wp\/v2\/comments?post=9733"}],"version-history":[{"count":0,"href":"https:\/\/synstudio.ca\/fr\/wp-json\/wp\/v3\/product\/9733\/revisions"}],"wp:featuredmedia":[{"embeddable":true,"href":"https:\/\/synstudio.ca\/fr\/wp-json\/wp\/v2\/media\/17766"}],"wp:attachment":[{"href":"https:\/\/synstudio.ca\/fr\/wp-json\/wp\/v2\/media?parent=9733"}],"wp:term":[{"taxonomy":"product_cat","embeddable":true,"href":"https:\/\/synstudio.ca\/fr\/wp-json\/wp\/v2\/product_cat?post=9733"},{"taxonomy":"product_tag","embeddable":true,"href":"https:\/\/synstudio.ca\/fr\/wp-json\/wp\/v2\/product_tag?post=9733"}],"curies":[{"name":"wp","href":"https:\/\/api.w.org\/{rel}","templated":true}]}}