{"id":9616,"date":"2021-10-08T17:10:33","date_gmt":"2021-10-08T21:14:22","guid":{"rendered":"https:\/\/synstudio.ca\/?post_type=product&#038;p=9616"},"modified":"2025-01-17T17:32:44","modified_gmt":"2025-01-17T22:32:44","slug":"les-bases-du-dessin-2","status":"publish","type":"product","link":"https:\/\/synstudio.ca\/fr\/cours-art-en-ligne\/les-bases-du-dessin-2\/","title":{"rendered":"Les Bases du dessin 2"},"content":{"rendered":"","protected":false},"excerpt":{"rendered":"<p>Faites passer vos comp\u00e9tences de dessin traditionnelles \u00e0 un tout autre niveau, en vous donnant la confiance et la capacit\u00e9 de g\u00e9n\u00e9rer des dessins complexes<\/p>\n","protected":false},"featured_media":10839,"comment_status":"closed","ping_status":"closed","template":"","meta":{"_lmt_disableupdate":"no","_lmt_disable":"","footnotes":""},"product_cat":[48,136,115],"product_tag":[],"class_list":["post-9616","product","type-product","status-publish","has-post-thumbnail","hentry","product_cat-cours-art-en-ligne","product_cat-cours-fondamentaux-en-ligne","product_cat-classes-inactives"],"yoast_head":"<!-- This site is optimized with the Yoast SEO plugin v22.5 - https:\/\/yoast.com\/wordpress\/plugins\/seo\/ -->\n<title>Les Bases du dessin 2 - Syn Studio<\/title>\n<meta name=\"description\" content=\"Les bases du dessin couvre les techniques fondamentales comme la perspective, les formes et les ombres pour d\u00e9velopper des comp\u00e9tences solides en dessin.\" \/>\n<meta name=\"robots\" content=\"index, follow, max-snippet:-1, max-image-preview:large, max-video-preview:-1\" \/>\n<link rel=\"canonical\" href=\"https:\/\/synstudio.ca\/fr\/cours-art-en-ligne\/les-bases-du-dessin-2\/\" \/>\n<meta property=\"og:locale\" content=\"fr_FR\" \/>\n<meta property=\"og:type\" content=\"article\" \/>\n<meta property=\"og:title\" content=\"Les Bases du dessin 2 - Syn Studio\" \/>\n<meta property=\"og:description\" content=\"Les bases du dessin couvre les techniques fondamentales comme la perspective, les formes et les ombres pour d\u00e9velopper des comp\u00e9tences solides en dessin.\" \/>\n<meta property=\"og:url\" content=\"https:\/\/synstudio.ca\/fr\/cours-art-en-ligne\/les-bases-du-dessin-2\/\" \/>\n<meta property=\"og:site_name\" content=\"Syn Studio\" \/>\n<meta property=\"article:modified_time\" content=\"2025-01-17T22:32:44+00:00\" \/>\n<meta property=\"og:image\" content=\"https:\/\/synstudio.ca\/wp-content\/uploads\/2021\/10\/FD2-curtis-hendricks.jpg\" \/>\n\t<meta property=\"og:image:width\" content=\"490\" \/>\n\t<meta property=\"og:image:height\" content=\"648\" \/>\n\t<meta property=\"og:image:type\" content=\"image\/jpeg\" \/>\n<meta name=\"twitter:card\" content=\"summary_large_image\" \/>\n<!-- \/ Yoast SEO plugin. -->","yoast_head_json":{"title":"Les Bases du dessin 2 - Syn Studio","description":"Les bases du dessin couvre les techniques fondamentales comme la perspective, les formes et les ombres pour d\u00e9velopper des comp\u00e9tences solides en dessin.","robots":{"index":"index","follow":"follow","max-snippet":"max-snippet:-1","max-image-preview":"max-image-preview:large","max-video-preview":"max-video-preview:-1"},"canonical":"https:\/\/synstudio.ca\/fr\/cours-art-en-ligne\/les-bases-du-dessin-2\/","og_locale":"fr_FR","og_type":"article","og_title":"Les Bases du dessin 2 - Syn Studio","og_description":"Les bases du dessin couvre les techniques fondamentales comme la perspective, les formes et les ombres pour d\u00e9velopper des comp\u00e9tences solides en dessin.","og_url":"https:\/\/synstudio.ca\/fr\/cours-art-en-ligne\/les-bases-du-dessin-2\/","og_site_name":"Syn Studio","article_modified_time":"2025-01-17T22:32:44+00:00","og_image":[{"width":490,"height":648,"url":"https:\/\/synstudio.ca\/wp-content\/uploads\/2021\/10\/FD2-curtis-hendricks.jpg","type":"image\/jpeg"}],"twitter_card":"summary_large_image","schema":{"@context":"https:\/\/schema.org","@graph":[{"@type":"WebPage","@id":"https:\/\/synstudio.ca\/fr\/cours-art-en-ligne\/les-bases-du-dessin-2\/","url":"https:\/\/synstudio.ca\/fr\/cours-art-en-ligne\/les-bases-du-dessin-2\/","name":"Les Bases du dessin 2 - Syn Studio","isPartOf":{"@id":"https:\/\/synstudio.ca\/fr\/#website"},"primaryImageOfPage":{"@id":"https:\/\/synstudio.ca\/fr\/cours-art-en-ligne\/les-bases-du-dessin-2\/#primaryimage"},"image":{"@id":"https:\/\/synstudio.ca\/fr\/cours-art-en-ligne\/les-bases-du-dessin-2\/#primaryimage"},"thumbnailUrl":"https:\/\/synstudio.ca\/wp-content\/uploads\/2021\/10\/FD2-curtis-hendricks.jpg","datePublished":"2021-10-08T21:14:22+00:00","dateModified":"2025-01-17T22:32:44+00:00","description":"Les bases du dessin couvre les techniques fondamentales comme la perspective, les formes et les ombres pour d\u00e9velopper des comp\u00e9tences solides en dessin.","breadcrumb":{"@id":"https:\/\/synstudio.ca\/fr\/cours-art-en-ligne\/les-bases-du-dessin-2\/#breadcrumb"},"inLanguage":"fr-FR","potentialAction":[{"@type":"ReadAction","target":["https:\/\/synstudio.ca\/fr\/cours-art-en-ligne\/les-bases-du-dessin-2\/"]}]},{"@type":"ImageObject","inLanguage":"fr-FR","@id":"https:\/\/synstudio.ca\/fr\/cours-art-en-ligne\/les-bases-du-dessin-2\/#primaryimage","url":"https:\/\/synstudio.ca\/wp-content\/uploads\/2021\/10\/FD2-curtis-hendricks.jpg","contentUrl":"https:\/\/synstudio.ca\/wp-content\/uploads\/2021\/10\/FD2-curtis-hendricks.jpg","width":490,"height":648},{"@type":"WebSite","@id":"https:\/\/synstudio.ca\/fr\/#website","url":"https:\/\/synstudio.ca\/fr\/","name":"Syn Studio","description":"Syn Studio is a Montreal art school specializing in teaching concept art and illustration for the entertainment industry.","publisher":{"@id":"https:\/\/synstudio.ca\/fr\/#organization"},"potentialAction":[{"@type":"SearchAction","target":{"@type":"EntryPoint","urlTemplate":"https:\/\/synstudio.ca\/fr\/?s={search_term_string}"},"query-input":"required name=search_term_string"}],"inLanguage":"fr-FR"},{"@type":"Organization","@id":"https:\/\/synstudio.ca\/fr\/#organization","name":"Syn Studio","url":"https:\/\/synstudio.ca\/fr\/","logo":{"@type":"ImageObject","inLanguage":"fr-FR","@id":"https:\/\/synstudio.ca\/fr\/#\/schema\/logo\/image\/","url":"https:\/\/synstudio.ca\/wp-content\/uploads\/2021\/01\/logo-email.png","contentUrl":"https:\/\/synstudio.ca\/wp-content\/uploads\/2021\/01\/logo-email.png","width":250,"height":105,"caption":"Syn Studio"},"image":{"@id":"https:\/\/synstudio.ca\/fr\/#\/schema\/logo\/image\/"}}]}},"_links":{"self":[{"href":"https:\/\/synstudio.ca\/fr\/wp-json\/wp\/v3\/product\/9616","targetHints":{"allow":["GET"]}}],"collection":[{"href":"https:\/\/synstudio.ca\/fr\/wp-json\/wp\/v3\/product"}],"about":[{"href":"https:\/\/synstudio.ca\/fr\/wp-json\/wp\/v2\/types\/product"}],"replies":[{"embeddable":true,"href":"https:\/\/synstudio.ca\/fr\/wp-json\/wp\/v2\/comments?post=9616"}],"version-history":[{"count":0,"href":"https:\/\/synstudio.ca\/fr\/wp-json\/wp\/v3\/product\/9616\/revisions"}],"wp:featuredmedia":[{"embeddable":true,"href":"https:\/\/synstudio.ca\/fr\/wp-json\/wp\/v2\/media\/10839"}],"wp:attachment":[{"href":"https:\/\/synstudio.ca\/fr\/wp-json\/wp\/v2\/media?parent=9616"}],"wp:term":[{"taxonomy":"product_cat","embeddable":true,"href":"https:\/\/synstudio.ca\/fr\/wp-json\/wp\/v2\/product_cat?post=9616"},{"taxonomy":"product_tag","embeddable":true,"href":"https:\/\/synstudio.ca\/fr\/wp-json\/wp\/v2\/product_tag?post=9616"}],"curies":[{"name":"wp","href":"https:\/\/api.w.org\/{rel}","templated":true}]}}