{"id":8884,"date":"2021-07-15T17:04:54","date_gmt":"2021-07-15T21:04:56","guid":{"rendered":"https:\/\/synstudio.ca\/?post_type=product&#038;p=8884"},"modified":"2025-04-17T15:16:40","modified_gmt":"2025-04-17T19:16:40","slug":"les-bases-du-dessin-surplace","status":"publish","type":"product","link":"https:\/\/synstudio.ca\/fr\/cours-de-dessin-traditionnel\/les-bases-du-dessin-surplace\/","title":{"rendered":"Les bases du dessin &#8211; En pr\u00e9sentiel"},"content":{"rendered":"","protected":false},"excerpt":{"rendered":"<p>(Ce cours est bilingue) Construisez une base solide en dessin en seulement 10 semaines. Apprenez \u00e0 dessiner n&rsquo;importe quoi, tel que de personnes, d&rsquo;objets et de sc\u00e8nes.<\/p>\n","protected":false},"featured_media":4568,"comment_status":"closed","ping_status":"closed","template":"","meta":{"_lmt_disableupdate":"no","_lmt_disable":"","footnotes":""},"product_cat":[70,68,141,127],"product_tag":[],"class_list":["post-8884","product","type-product","status-publish","has-post-thumbnail","hentry","product_cat-montreal-cours-art","product_cat-cours-de-dessin-traditionnel","product_cat-classes-inactives-sursite","product_cat-cours-sur-place-syn-studio"],"yoast_head":"<!-- This site is optimized with the Yoast SEO plugin v22.5 - https:\/\/yoast.com\/wordpress\/plugins\/seo\/ -->\n<title>Les bases du dessin - En pr\u00e9sentiel - Syn Studio<\/title>\n<meta name=\"description\" content=\"Inscrivez-vous au cours en pr\u00e9sentiel Les Bases du Dessin de Syn Studio \u00e0 Montr\u00e9al. Apprenez les techniques essentielles pour construire une base solide en dessin.\" \/>\n<meta name=\"robots\" content=\"index, follow, max-snippet:-1, max-image-preview:large, max-video-preview:-1\" \/>\n<link rel=\"canonical\" href=\"https:\/\/synstudio.ca\/fr\/cours-de-dessin-traditionnel\/les-bases-du-dessin-surplace\/\" \/>\n<meta property=\"og:locale\" content=\"fr_FR\" \/>\n<meta property=\"og:type\" content=\"article\" \/>\n<meta property=\"og:title\" content=\"Les bases du dessin - En pr\u00e9sentiel - Syn Studio\" \/>\n<meta property=\"og:description\" content=\"Inscrivez-vous au cours en pr\u00e9sentiel Les Bases du Dessin de Syn Studio \u00e0 Montr\u00e9al. Apprenez les techniques essentielles pour construire une base solide en dessin.\" \/>\n<meta property=\"og:url\" content=\"https:\/\/synstudio.ca\/fr\/cours-de-dessin-traditionnel\/les-bases-du-dessin-surplace\/\" \/>\n<meta property=\"og:site_name\" content=\"Syn Studio\" \/>\n<meta property=\"article:modified_time\" content=\"2025-04-17T19:16:40+00:00\" \/>\n<meta property=\"og:image\" content=\"https:\/\/synstudio.ca\/wp-content\/uploads\/2019\/06\/FOD_rachel_moreau_01_FEATURE_LEAD-scaled.jpg\" \/>\n\t<meta property=\"og:image:width\" content=\"2328\" \/>\n\t<meta property=\"og:image:height\" content=\"2560\" \/>\n\t<meta property=\"og:image:type\" content=\"image\/jpeg\" \/>\n<meta name=\"twitter:card\" content=\"summary_large_image\" \/>\n<!-- \/ Yoast SEO plugin. -->","yoast_head_json":{"title":"Les bases du dessin - En pr\u00e9sentiel - Syn Studio","description":"Inscrivez-vous au cours en pr\u00e9sentiel Les Bases du Dessin de Syn Studio \u00e0 Montr\u00e9al. Apprenez les techniques essentielles pour construire une base solide en dessin.","robots":{"index":"index","follow":"follow","max-snippet":"max-snippet:-1","max-image-preview":"max-image-preview:large","max-video-preview":"max-video-preview:-1"},"canonical":"https:\/\/synstudio.ca\/fr\/cours-de-dessin-traditionnel\/les-bases-du-dessin-surplace\/","og_locale":"fr_FR","og_type":"article","og_title":"Les bases du dessin - En pr\u00e9sentiel - Syn Studio","og_description":"Inscrivez-vous au cours en pr\u00e9sentiel Les Bases du Dessin de Syn Studio \u00e0 Montr\u00e9al. Apprenez les techniques essentielles pour construire une base solide en dessin.","og_url":"https:\/\/synstudio.ca\/fr\/cours-de-dessin-traditionnel\/les-bases-du-dessin-surplace\/","og_site_name":"Syn Studio","article_modified_time":"2025-04-17T19:16:40+00:00","og_image":[{"width":2328,"height":2560,"url":"https:\/\/synstudio.ca\/wp-content\/uploads\/2019\/06\/FOD_rachel_moreau_01_FEATURE_LEAD-scaled.jpg","type":"image\/jpeg"}],"twitter_card":"summary_large_image","schema":{"@context":"https:\/\/schema.org","@graph":[{"@type":"WebPage","@id":"https:\/\/synstudio.ca\/fr\/cours-de-dessin-traditionnel\/les-bases-du-dessin-surplace\/","url":"https:\/\/synstudio.ca\/fr\/cours-de-dessin-traditionnel\/les-bases-du-dessin-surplace\/","name":"Les bases du dessin - En pr\u00e9sentiel - Syn Studio","isPartOf":{"@id":"https:\/\/synstudio.ca\/fr\/#website"},"primaryImageOfPage":{"@id":"https:\/\/synstudio.ca\/fr\/cours-de-dessin-traditionnel\/les-bases-du-dessin-surplace\/#primaryimage"},"image":{"@id":"https:\/\/synstudio.ca\/fr\/cours-de-dessin-traditionnel\/les-bases-du-dessin-surplace\/#primaryimage"},"thumbnailUrl":"https:\/\/synstudio.ca\/wp-content\/uploads\/2019\/06\/FOD_rachel_moreau_01_FEATURE_LEAD-scaled.jpg","datePublished":"2021-07-15T21:04:56+00:00","dateModified":"2025-04-17T19:16:40+00:00","description":"Inscrivez-vous au cours en pr\u00e9sentiel Les Bases du Dessin de Syn Studio \u00e0 Montr\u00e9al. Apprenez les techniques essentielles pour construire une base solide en dessin.","breadcrumb":{"@id":"https:\/\/synstudio.ca\/fr\/cours-de-dessin-traditionnel\/les-bases-du-dessin-surplace\/#breadcrumb"},"inLanguage":"fr-FR","potentialAction":[{"@type":"ReadAction","target":["https:\/\/synstudio.ca\/fr\/cours-de-dessin-traditionnel\/les-bases-du-dessin-surplace\/"]}]},{"@type":"ImageObject","inLanguage":"fr-FR","@id":"https:\/\/synstudio.ca\/fr\/cours-de-dessin-traditionnel\/les-bases-du-dessin-surplace\/#primaryimage","url":"https:\/\/synstudio.ca\/wp-content\/uploads\/2019\/06\/FOD_rachel_moreau_01_FEATURE_LEAD-scaled.jpg","contentUrl":"https:\/\/synstudio.ca\/wp-content\/uploads\/2019\/06\/FOD_rachel_moreau_01_FEATURE_LEAD-scaled.jpg","width":2328,"height":2560},{"@type":"WebSite","@id":"https:\/\/synstudio.ca\/fr\/#website","url":"https:\/\/synstudio.ca\/fr\/","name":"Syn Studio","description":"Syn Studio is a Montreal art school specializing in teaching concept art and illustration for the entertainment industry.","publisher":{"@id":"https:\/\/synstudio.ca\/fr\/#organization"},"potentialAction":[{"@type":"SearchAction","target":{"@type":"EntryPoint","urlTemplate":"https:\/\/synstudio.ca\/fr\/?s={search_term_string}"},"query-input":"required name=search_term_string"}],"inLanguage":"fr-FR"},{"@type":"Organization","@id":"https:\/\/synstudio.ca\/fr\/#organization","name":"Syn Studio","url":"https:\/\/synstudio.ca\/fr\/","logo":{"@type":"ImageObject","inLanguage":"fr-FR","@id":"https:\/\/synstudio.ca\/fr\/#\/schema\/logo\/image\/","url":"https:\/\/synstudio.ca\/wp-content\/uploads\/2021\/01\/logo-email.png","contentUrl":"https:\/\/synstudio.ca\/wp-content\/uploads\/2021\/01\/logo-email.png","width":250,"height":105,"caption":"Syn Studio"},"image":{"@id":"https:\/\/synstudio.ca\/fr\/#\/schema\/logo\/image\/"}}]}},"_links":{"self":[{"href":"https:\/\/synstudio.ca\/fr\/wp-json\/wp\/v3\/product\/8884","targetHints":{"allow":["GET"]}}],"collection":[{"href":"https:\/\/synstudio.ca\/fr\/wp-json\/wp\/v3\/product"}],"about":[{"href":"https:\/\/synstudio.ca\/fr\/wp-json\/wp\/v2\/types\/product"}],"replies":[{"embeddable":true,"href":"https:\/\/synstudio.ca\/fr\/wp-json\/wp\/v2\/comments?post=8884"}],"version-history":[{"count":0,"href":"https:\/\/synstudio.ca\/fr\/wp-json\/wp\/v3\/product\/8884\/revisions"}],"wp:featuredmedia":[{"embeddable":true,"href":"https:\/\/synstudio.ca\/fr\/wp-json\/wp\/v2\/media\/4568"}],"wp:attachment":[{"href":"https:\/\/synstudio.ca\/fr\/wp-json\/wp\/v2\/media?parent=8884"}],"wp:term":[{"taxonomy":"product_cat","embeddable":true,"href":"https:\/\/synstudio.ca\/fr\/wp-json\/wp\/v2\/product_cat?post=8884"},{"taxonomy":"product_tag","embeddable":true,"href":"https:\/\/synstudio.ca\/fr\/wp-json\/wp\/v2\/product_tag?post=8884"}],"curies":[{"name":"wp","href":"https:\/\/api.w.org\/{rel}","templated":true}]}}