{"id":6942,"date":"2021-01-22T13:03:32","date_gmt":"2021-01-22T18:05:49","guid":{"rendered":"https:\/\/synstudio.ca\/?post_type=product&#038;p=6942"},"modified":"2025-07-15T11:36:22","modified_gmt":"2025-07-15T15:36:22","slug":"introduction-au-design-denvironnements","status":"publish","type":"product","link":"https:\/\/synstudio.ca\/fr\/cours-art-en-ligne\/introduction-au-design-denvironnements\/","title":{"rendered":"Introduction au design d&rsquo;environnements"},"content":{"rendered":"","protected":false},"excerpt":{"rendered":"<p>Apprenez comment cr\u00e9er des environnements qui contribuent \u00e0 une histoire et qui am\u00e9liorent l\u2019exp\u00e9rience du spectateur<\/p>\n","protected":false},"featured_media":1926,"comment_status":"closed","ping_status":"closed","template":"page-templates\/product-level4-control.php","meta":{"_lmt_disableupdate":"no","_lmt_disable":"","footnotes":""},"product_cat":[48,135,115],"product_tag":[],"class_list":["post-6942","product","type-product","status-publish","has-post-thumbnail","hentry","product_cat-cours-art-en-ligne","product_cat-cours-en-ligne-de-concept-art","product_cat-classes-inactives"],"yoast_head":"<!-- This site is optimized with the Yoast SEO plugin v22.5 - https:\/\/yoast.com\/wordpress\/plugins\/seo\/ -->\n<title>Introduction au design d&#039;environnements - Syn Studio<\/title>\n<meta name=\"description\" content=\"Introduction au design d\u2019environnements traite de la composition, de l\u2019\u00e9clairage et de la narration visuelle pour cr\u00e9er des environnements immersifs en ligne.\" \/>\n<meta name=\"robots\" content=\"index, follow, max-snippet:-1, max-image-preview:large, max-video-preview:-1\" \/>\n<link rel=\"canonical\" href=\"https:\/\/synstudio.ca\/fr\/cours-art-en-ligne\/introduction-au-design-denvironnements\/\" \/>\n<meta property=\"og:locale\" content=\"fr_FR\" \/>\n<meta property=\"og:type\" content=\"article\" \/>\n<meta property=\"og:title\" content=\"Introduction au design d&#039;environnements - Syn Studio\" \/>\n<meta property=\"og:description\" content=\"Introduction au design d\u2019environnements traite de la composition, de l\u2019\u00e9clairage et de la narration visuelle pour cr\u00e9er des environnements immersifs en ligne.\" \/>\n<meta property=\"og:url\" content=\"https:\/\/synstudio.ca\/fr\/cours-art-en-ligne\/introduction-au-design-denvironnements\/\" \/>\n<meta property=\"og:site_name\" content=\"Syn Studio\" \/>\n<meta property=\"article:modified_time\" content=\"2025-07-15T15:36:22+00:00\" \/>\n<meta property=\"og:image\" content=\"https:\/\/synstudio.ca\/wp-content\/uploads\/2019\/07\/seif-ragab-landing-site_lead.jpg\" \/>\n\t<meta property=\"og:image:width\" content=\"865\" \/>\n\t<meta property=\"og:image:height\" content=\"865\" \/>\n\t<meta property=\"og:image:type\" content=\"image\/jpeg\" \/>\n<meta name=\"twitter:card\" content=\"summary_large_image\" \/>\n<!-- \/ Yoast SEO plugin. -->","yoast_head_json":{"title":"Introduction au design d'environnements - Syn Studio","description":"Introduction au design d\u2019environnements traite de la composition, de l\u2019\u00e9clairage et de la narration visuelle pour cr\u00e9er des environnements immersifs en ligne.","robots":{"index":"index","follow":"follow","max-snippet":"max-snippet:-1","max-image-preview":"max-image-preview:large","max-video-preview":"max-video-preview:-1"},"canonical":"https:\/\/synstudio.ca\/fr\/cours-art-en-ligne\/introduction-au-design-denvironnements\/","og_locale":"fr_FR","og_type":"article","og_title":"Introduction au design d'environnements - Syn Studio","og_description":"Introduction au design d\u2019environnements traite de la composition, de l\u2019\u00e9clairage et de la narration visuelle pour cr\u00e9er des environnements immersifs en ligne.","og_url":"https:\/\/synstudio.ca\/fr\/cours-art-en-ligne\/introduction-au-design-denvironnements\/","og_site_name":"Syn Studio","article_modified_time":"2025-07-15T15:36:22+00:00","og_image":[{"width":865,"height":865,"url":"https:\/\/synstudio.ca\/wp-content\/uploads\/2019\/07\/seif-ragab-landing-site_lead.jpg","type":"image\/jpeg"}],"twitter_card":"summary_large_image","schema":{"@context":"https:\/\/schema.org","@graph":[{"@type":"WebPage","@id":"https:\/\/synstudio.ca\/fr\/cours-art-en-ligne\/introduction-au-design-denvironnements\/","url":"https:\/\/synstudio.ca\/fr\/cours-art-en-ligne\/introduction-au-design-denvironnements\/","name":"Introduction au design d'environnements - Syn Studio","isPartOf":{"@id":"https:\/\/synstudio.ca\/fr\/#website"},"primaryImageOfPage":{"@id":"https:\/\/synstudio.ca\/fr\/cours-art-en-ligne\/introduction-au-design-denvironnements\/#primaryimage"},"image":{"@id":"https:\/\/synstudio.ca\/fr\/cours-art-en-ligne\/introduction-au-design-denvironnements\/#primaryimage"},"thumbnailUrl":"https:\/\/synstudio.ca\/wp-content\/uploads\/2019\/07\/seif-ragab-landing-site_lead.jpg","datePublished":"2021-01-22T18:05:49+00:00","dateModified":"2025-07-15T15:36:22+00:00","description":"Introduction au design d\u2019environnements traite de la composition, de l\u2019\u00e9clairage et de la narration visuelle pour cr\u00e9er des environnements immersifs en ligne.","breadcrumb":{"@id":"https:\/\/synstudio.ca\/fr\/cours-art-en-ligne\/introduction-au-design-denvironnements\/#breadcrumb"},"inLanguage":"fr-FR","potentialAction":[{"@type":"ReadAction","target":["https:\/\/synstudio.ca\/fr\/cours-art-en-ligne\/introduction-au-design-denvironnements\/"]}]},{"@type":"ImageObject","inLanguage":"fr-FR","@id":"https:\/\/synstudio.ca\/fr\/cours-art-en-ligne\/introduction-au-design-denvironnements\/#primaryimage","url":"https:\/\/synstudio.ca\/wp-content\/uploads\/2019\/07\/seif-ragab-landing-site_lead.jpg","contentUrl":"https:\/\/synstudio.ca\/wp-content\/uploads\/2019\/07\/seif-ragab-landing-site_lead.jpg","width":865,"height":865},{"@type":"WebSite","@id":"https:\/\/synstudio.ca\/fr\/#website","url":"https:\/\/synstudio.ca\/fr\/","name":"Syn Studio","description":"Syn Studio is a Montreal art school specializing in teaching concept art and illustration for the entertainment industry.","publisher":{"@id":"https:\/\/synstudio.ca\/fr\/#organization"},"potentialAction":[{"@type":"SearchAction","target":{"@type":"EntryPoint","urlTemplate":"https:\/\/synstudio.ca\/fr\/?s={search_term_string}"},"query-input":"required name=search_term_string"}],"inLanguage":"fr-FR"},{"@type":"Organization","@id":"https:\/\/synstudio.ca\/fr\/#organization","name":"Syn Studio","url":"https:\/\/synstudio.ca\/fr\/","logo":{"@type":"ImageObject","inLanguage":"fr-FR","@id":"https:\/\/synstudio.ca\/fr\/#\/schema\/logo\/image\/","url":"https:\/\/synstudio.ca\/wp-content\/uploads\/2021\/01\/logo-email.png","contentUrl":"https:\/\/synstudio.ca\/wp-content\/uploads\/2021\/01\/logo-email.png","width":250,"height":105,"caption":"Syn Studio"},"image":{"@id":"https:\/\/synstudio.ca\/fr\/#\/schema\/logo\/image\/"}}]}},"_links":{"self":[{"href":"https:\/\/synstudio.ca\/fr\/wp-json\/wp\/v3\/product\/6942","targetHints":{"allow":["GET"]}}],"collection":[{"href":"https:\/\/synstudio.ca\/fr\/wp-json\/wp\/v3\/product"}],"about":[{"href":"https:\/\/synstudio.ca\/fr\/wp-json\/wp\/v2\/types\/product"}],"replies":[{"embeddable":true,"href":"https:\/\/synstudio.ca\/fr\/wp-json\/wp\/v2\/comments?post=6942"}],"version-history":[{"count":0,"href":"https:\/\/synstudio.ca\/fr\/wp-json\/wp\/v3\/product\/6942\/revisions"}],"wp:featuredmedia":[{"embeddable":true,"href":"https:\/\/synstudio.ca\/fr\/wp-json\/wp\/v2\/media\/1926"}],"wp:attachment":[{"href":"https:\/\/synstudio.ca\/fr\/wp-json\/wp\/v2\/media?parent=6942"}],"wp:term":[{"taxonomy":"product_cat","embeddable":true,"href":"https:\/\/synstudio.ca\/fr\/wp-json\/wp\/v2\/product_cat?post=6942"},{"taxonomy":"product_tag","embeddable":true,"href":"https:\/\/synstudio.ca\/fr\/wp-json\/wp\/v2\/product_tag?post=6942"}],"curies":[{"name":"wp","href":"https:\/\/api.w.org\/{rel}","templated":true}]}}