{"id":6901,"date":"2021-01-21T22:23:15","date_gmt":"2021-01-22T16:13:47","guid":{"rendered":"https:\/\/synstudio.ca\/?post_type=product&#038;p=6901"},"modified":"2026-01-14T15:23:58","modified_gmt":"2026-01-14T20:23:58","slug":"introduction-au-concept-art","status":"publish","type":"product","link":"https:\/\/synstudio.ca\/fr\/cours-art-en-ligne\/introduction-au-concept-art\/","title":{"rendered":"Introduction au concept art"},"content":{"rendered":"","protected":false},"excerpt":{"rendered":"<p>Apprenez une m\u00e9thode puissante de communication visuelle afin de pouvoir transmettre vos id\u00e9es \u00e0 travers vos concepts de mani\u00e8re convaincante.<\/p>\n","protected":false},"featured_media":12223,"comment_status":"closed","ping_status":"closed","template":"","meta":{"_lmt_disableupdate":"no","_lmt_disable":"","footnotes":""},"product_cat":[48,135,74],"product_tag":[],"class_list":["post-6901","product","type-product","status-publish","has-post-thumbnail","hentry","product_cat-cours-art-en-ligne","product_cat-cours-en-ligne-de-concept-art","product_cat-pre-recorded-fr"],"yoast_head":"<!-- This site is optimized with the Yoast SEO plugin v22.5 - https:\/\/yoast.com\/wordpress\/plugins\/seo\/ -->\n<title>Introduction au concept art - Syn Studio<\/title>\n<meta name=\"description\" content=\"Initiez-vous au concept art avec le cours en ligne de Syn Studio. Explorez les bases du design, de la composition et de la narration visuelle.\" \/>\n<meta name=\"robots\" content=\"index, follow, max-snippet:-1, max-image-preview:large, max-video-preview:-1\" \/>\n<link rel=\"canonical\" href=\"https:\/\/synstudio.ca\/fr\/cours-art-en-ligne\/introduction-au-concept-art\/\" \/>\n<meta property=\"og:locale\" content=\"fr_FR\" \/>\n<meta property=\"og:type\" content=\"article\" \/>\n<meta property=\"og:title\" content=\"Introduction au concept art - Syn Studio\" \/>\n<meta property=\"og:description\" content=\"Initiez-vous au concept art avec le cours en ligne de Syn Studio. Explorez les bases du design, de la composition et de la narration visuelle.\" \/>\n<meta property=\"og:url\" content=\"https:\/\/synstudio.ca\/fr\/cours-art-en-ligne\/introduction-au-concept-art\/\" \/>\n<meta property=\"og:site_name\" content=\"Syn Studio\" \/>\n<meta property=\"article:modified_time\" content=\"2026-01-14T20:23:58+00:00\" \/>\n<meta property=\"og:image\" content=\"https:\/\/synstudio.ca\/wp-content\/uploads\/2021\/01\/Nicolas-Vallet_cargo_int_general-1-scaled-1.jpg\" \/>\n\t<meta property=\"og:image:width\" content=\"2560\" \/>\n\t<meta property=\"og:image:height\" content=\"1411\" \/>\n\t<meta property=\"og:image:type\" content=\"image\/jpeg\" \/>\n<meta name=\"twitter:card\" content=\"summary_large_image\" \/>\n<!-- \/ Yoast SEO plugin. -->","yoast_head_json":{"title":"Introduction au concept art - Syn Studio","description":"Initiez-vous au concept art avec le cours en ligne de Syn Studio. Explorez les bases du design, de la composition et de la narration visuelle.","robots":{"index":"index","follow":"follow","max-snippet":"max-snippet:-1","max-image-preview":"max-image-preview:large","max-video-preview":"max-video-preview:-1"},"canonical":"https:\/\/synstudio.ca\/fr\/cours-art-en-ligne\/introduction-au-concept-art\/","og_locale":"fr_FR","og_type":"article","og_title":"Introduction au concept art - Syn Studio","og_description":"Initiez-vous au concept art avec le cours en ligne de Syn Studio. Explorez les bases du design, de la composition et de la narration visuelle.","og_url":"https:\/\/synstudio.ca\/fr\/cours-art-en-ligne\/introduction-au-concept-art\/","og_site_name":"Syn Studio","article_modified_time":"2026-01-14T20:23:58+00:00","og_image":[{"width":2560,"height":1411,"url":"https:\/\/synstudio.ca\/wp-content\/uploads\/2021\/01\/Nicolas-Vallet_cargo_int_general-1-scaled-1.jpg","type":"image\/jpeg"}],"twitter_card":"summary_large_image","schema":{"@context":"https:\/\/schema.org","@graph":[{"@type":"WebPage","@id":"https:\/\/synstudio.ca\/fr\/cours-art-en-ligne\/introduction-au-concept-art\/","url":"https:\/\/synstudio.ca\/fr\/cours-art-en-ligne\/introduction-au-concept-art\/","name":"Introduction au concept art - Syn Studio","isPartOf":{"@id":"https:\/\/synstudio.ca\/fr\/#website"},"primaryImageOfPage":{"@id":"https:\/\/synstudio.ca\/fr\/cours-art-en-ligne\/introduction-au-concept-art\/#primaryimage"},"image":{"@id":"https:\/\/synstudio.ca\/fr\/cours-art-en-ligne\/introduction-au-concept-art\/#primaryimage"},"thumbnailUrl":"https:\/\/synstudio.ca\/wp-content\/uploads\/2021\/01\/Nicolas-Vallet_cargo_int_general-1-scaled-1.jpg","datePublished":"2021-01-22T16:13:47+00:00","dateModified":"2026-01-14T20:23:58+00:00","description":"Initiez-vous au concept art avec le cours en ligne de Syn Studio. Explorez les bases du design, de la composition et de la narration visuelle.","breadcrumb":{"@id":"https:\/\/synstudio.ca\/fr\/cours-art-en-ligne\/introduction-au-concept-art\/#breadcrumb"},"inLanguage":"fr-FR","potentialAction":[{"@type":"ReadAction","target":["https:\/\/synstudio.ca\/fr\/cours-art-en-ligne\/introduction-au-concept-art\/"]}]},{"@type":"ImageObject","inLanguage":"fr-FR","@id":"https:\/\/synstudio.ca\/fr\/cours-art-en-ligne\/introduction-au-concept-art\/#primaryimage","url":"https:\/\/synstudio.ca\/wp-content\/uploads\/2021\/01\/Nicolas-Vallet_cargo_int_general-1-scaled-1.jpg","contentUrl":"https:\/\/synstudio.ca\/wp-content\/uploads\/2021\/01\/Nicolas-Vallet_cargo_int_general-1-scaled-1.jpg","width":2560,"height":1411},{"@type":"WebSite","@id":"https:\/\/synstudio.ca\/fr\/#website","url":"https:\/\/synstudio.ca\/fr\/","name":"Syn Studio","description":"Syn Studio is a Montreal art school specializing in teaching concept art and illustration for the entertainment industry.","publisher":{"@id":"https:\/\/synstudio.ca\/fr\/#organization"},"potentialAction":[{"@type":"SearchAction","target":{"@type":"EntryPoint","urlTemplate":"https:\/\/synstudio.ca\/fr\/?s={search_term_string}"},"query-input":"required name=search_term_string"}],"inLanguage":"fr-FR"},{"@type":"Organization","@id":"https:\/\/synstudio.ca\/fr\/#organization","name":"Syn Studio","url":"https:\/\/synstudio.ca\/fr\/","logo":{"@type":"ImageObject","inLanguage":"fr-FR","@id":"https:\/\/synstudio.ca\/fr\/#\/schema\/logo\/image\/","url":"https:\/\/synstudio.ca\/wp-content\/uploads\/2021\/01\/logo-email.png","contentUrl":"https:\/\/synstudio.ca\/wp-content\/uploads\/2021\/01\/logo-email.png","width":250,"height":105,"caption":"Syn Studio"},"image":{"@id":"https:\/\/synstudio.ca\/fr\/#\/schema\/logo\/image\/"}}]}},"_links":{"self":[{"href":"https:\/\/synstudio.ca\/fr\/wp-json\/wp\/v3\/product\/6901","targetHints":{"allow":["GET"]}}],"collection":[{"href":"https:\/\/synstudio.ca\/fr\/wp-json\/wp\/v3\/product"}],"about":[{"href":"https:\/\/synstudio.ca\/fr\/wp-json\/wp\/v2\/types\/product"}],"replies":[{"embeddable":true,"href":"https:\/\/synstudio.ca\/fr\/wp-json\/wp\/v2\/comments?post=6901"}],"version-history":[{"count":0,"href":"https:\/\/synstudio.ca\/fr\/wp-json\/wp\/v3\/product\/6901\/revisions"}],"wp:featuredmedia":[{"embeddable":true,"href":"https:\/\/synstudio.ca\/fr\/wp-json\/wp\/v2\/media\/12223"}],"wp:attachment":[{"href":"https:\/\/synstudio.ca\/fr\/wp-json\/wp\/v2\/media?parent=6901"}],"wp:term":[{"taxonomy":"product_cat","embeddable":true,"href":"https:\/\/synstudio.ca\/fr\/wp-json\/wp\/v2\/product_cat?post=6901"},{"taxonomy":"product_tag","embeddable":true,"href":"https:\/\/synstudio.ca\/fr\/wp-json\/wp\/v2\/product_tag?post=6901"}],"curies":[{"name":"wp","href":"https:\/\/api.w.org\/{rel}","templated":true}]}}