{"id":22492,"date":"2025-10-16T16:38:33","date_gmt":"2025-10-16T20:38:34","guid":{"rendered":"https:\/\/synstudio.ca\/?post_type=product&#038;p=22492"},"modified":"2026-04-07T17:40:47","modified_gmt":"2026-04-07T21:40:47","slug":"principes-fondamentaux-de-la-communication-visuelle-en-ligne","status":"publish","type":"product","link":"https:\/\/synstudio.ca\/fr\/cours-en-ligne-de-concept-art\/principes-fondamentaux-de-la-communication-visuelle-en-ligne\/","title":{"rendered":"Principes fondamentaux de la communication visuelle"},"content":{"rendered":"","protected":false},"excerpt":{"rendered":"<p>Apprenez \u00e0 g\u00e9n\u00e9rer rapidement des id\u00e9es originales afin d&rsquo;am\u00e9liorer votre cr\u00e9ativit\u00e9 et d&rsquo;esquisser efficacement des concepts adapt\u00e9s \u00e0 toutes les exigences de conception.<\/p>\n","protected":false},"featured_media":5774,"comment_status":"closed","ping_status":"closed","template":"","meta":{"_lmt_disableupdate":"no","_lmt_disable":"","footnotes":""},"product_cat":[48,135,115],"product_tag":[],"class_list":["post-22492","product","type-product","status-publish","has-post-thumbnail","hentry","product_cat-cours-art-en-ligne","product_cat-cours-en-ligne-de-concept-art","product_cat-classes-inactives"],"yoast_head":"<!-- This site is optimized with the Yoast SEO plugin v22.5 - https:\/\/yoast.com\/wordpress\/plugins\/seo\/ -->\n<title>Principes fondamentaux de la communication visuelle - Syn Studio<\/title>\n<meta name=\"description\" content=\"Principes de design pour les artistes couvre la composition, l\u2019\u00e9quilibre et le contraste pour cr\u00e9er des \u0153uvres visuellement efficaces et harmonieuses.\" \/>\n<meta name=\"robots\" content=\"index, follow, max-snippet:-1, max-image-preview:large, max-video-preview:-1\" \/>\n<link rel=\"canonical\" href=\"https:\/\/synstudio.ca\/fr\/cours-en-ligne-de-concept-art\/principes-fondamentaux-de-la-communication-visuelle-en-ligne\/\" \/>\n<meta property=\"og:locale\" content=\"fr_FR\" \/>\n<meta property=\"og:type\" content=\"article\" \/>\n<meta property=\"og:title\" content=\"Principes fondamentaux de la communication visuelle - Syn Studio\" \/>\n<meta property=\"og:description\" content=\"Principes de design pour les artistes couvre la composition, l\u2019\u00e9quilibre et le contraste pour cr\u00e9er des \u0153uvres visuellement efficaces et harmonieuses.\" \/>\n<meta property=\"og:url\" content=\"https:\/\/synstudio.ca\/fr\/cours-en-ligne-de-concept-art\/principes-fondamentaux-de-la-communication-visuelle-en-ligne\/\" \/>\n<meta property=\"og:site_name\" content=\"Syn Studio\" \/>\n<meta property=\"article:modified_time\" content=\"2026-04-07T21:40:47+00:00\" \/>\n<meta property=\"og:image\" content=\"https:\/\/synstudio.ca\/wp-content\/uploads\/2020\/07\/nicolas_gosselin_LEAD.jpg\" \/>\n\t<meta property=\"og:image:width\" content=\"1000\" \/>\n\t<meta property=\"og:image:height\" content=\"780\" \/>\n\t<meta property=\"og:image:type\" content=\"image\/jpeg\" \/>\n<meta name=\"twitter:card\" content=\"summary_large_image\" \/>\n<!-- \/ Yoast SEO plugin. -->","yoast_head_json":{"title":"Principes fondamentaux de la communication visuelle - Syn Studio","description":"Principes de design pour les artistes couvre la composition, l\u2019\u00e9quilibre et le contraste pour cr\u00e9er des \u0153uvres visuellement efficaces et harmonieuses.","robots":{"index":"index","follow":"follow","max-snippet":"max-snippet:-1","max-image-preview":"max-image-preview:large","max-video-preview":"max-video-preview:-1"},"canonical":"https:\/\/synstudio.ca\/fr\/cours-en-ligne-de-concept-art\/principes-fondamentaux-de-la-communication-visuelle-en-ligne\/","og_locale":"fr_FR","og_type":"article","og_title":"Principes fondamentaux de la communication visuelle - Syn Studio","og_description":"Principes de design pour les artistes couvre la composition, l\u2019\u00e9quilibre et le contraste pour cr\u00e9er des \u0153uvres visuellement efficaces et harmonieuses.","og_url":"https:\/\/synstudio.ca\/fr\/cours-en-ligne-de-concept-art\/principes-fondamentaux-de-la-communication-visuelle-en-ligne\/","og_site_name":"Syn Studio","article_modified_time":"2026-04-07T21:40:47+00:00","og_image":[{"width":1000,"height":780,"url":"https:\/\/synstudio.ca\/wp-content\/uploads\/2020\/07\/nicolas_gosselin_LEAD.jpg","type":"image\/jpeg"}],"twitter_card":"summary_large_image","schema":{"@context":"https:\/\/schema.org","@graph":[{"@type":"WebPage","@id":"https:\/\/synstudio.ca\/fr\/cours-en-ligne-de-concept-art\/principes-fondamentaux-de-la-communication-visuelle-en-ligne\/","url":"https:\/\/synstudio.ca\/fr\/cours-en-ligne-de-concept-art\/principes-fondamentaux-de-la-communication-visuelle-en-ligne\/","name":"Principes fondamentaux de la communication visuelle - Syn Studio","isPartOf":{"@id":"https:\/\/synstudio.ca\/fr\/#website"},"primaryImageOfPage":{"@id":"https:\/\/synstudio.ca\/fr\/cours-en-ligne-de-concept-art\/principes-fondamentaux-de-la-communication-visuelle-en-ligne\/#primaryimage"},"image":{"@id":"https:\/\/synstudio.ca\/fr\/cours-en-ligne-de-concept-art\/principes-fondamentaux-de-la-communication-visuelle-en-ligne\/#primaryimage"},"thumbnailUrl":"https:\/\/synstudio.ca\/wp-content\/uploads\/2020\/07\/nicolas_gosselin_LEAD.jpg","datePublished":"2025-10-16T20:38:34+00:00","dateModified":"2026-04-07T21:40:47+00:00","description":"Principes de design pour les artistes couvre la composition, l\u2019\u00e9quilibre et le contraste pour cr\u00e9er des \u0153uvres visuellement efficaces et harmonieuses.","breadcrumb":{"@id":"https:\/\/synstudio.ca\/fr\/cours-en-ligne-de-concept-art\/principes-fondamentaux-de-la-communication-visuelle-en-ligne\/#breadcrumb"},"inLanguage":"fr-FR","potentialAction":[{"@type":"ReadAction","target":["https:\/\/synstudio.ca\/fr\/cours-en-ligne-de-concept-art\/principes-fondamentaux-de-la-communication-visuelle-en-ligne\/"]}]},{"@type":"ImageObject","inLanguage":"fr-FR","@id":"https:\/\/synstudio.ca\/fr\/cours-en-ligne-de-concept-art\/principes-fondamentaux-de-la-communication-visuelle-en-ligne\/#primaryimage","url":"https:\/\/synstudio.ca\/wp-content\/uploads\/2020\/07\/nicolas_gosselin_LEAD.jpg","contentUrl":"https:\/\/synstudio.ca\/wp-content\/uploads\/2020\/07\/nicolas_gosselin_LEAD.jpg","width":1000,"height":780},{"@type":"WebSite","@id":"https:\/\/synstudio.ca\/fr\/#website","url":"https:\/\/synstudio.ca\/fr\/","name":"Syn Studio","description":"Syn Studio is a Montreal art school specializing in teaching concept art and illustration for the entertainment industry.","publisher":{"@id":"https:\/\/synstudio.ca\/fr\/#organization"},"potentialAction":[{"@type":"SearchAction","target":{"@type":"EntryPoint","urlTemplate":"https:\/\/synstudio.ca\/fr\/?s={search_term_string}"},"query-input":"required name=search_term_string"}],"inLanguage":"fr-FR"},{"@type":"Organization","@id":"https:\/\/synstudio.ca\/fr\/#organization","name":"Syn Studio","url":"https:\/\/synstudio.ca\/fr\/","logo":{"@type":"ImageObject","inLanguage":"fr-FR","@id":"https:\/\/synstudio.ca\/fr\/#\/schema\/logo\/image\/","url":"https:\/\/synstudio.ca\/wp-content\/uploads\/2021\/01\/logo-email.png","contentUrl":"https:\/\/synstudio.ca\/wp-content\/uploads\/2021\/01\/logo-email.png","width":250,"height":105,"caption":"Syn Studio"},"image":{"@id":"https:\/\/synstudio.ca\/fr\/#\/schema\/logo\/image\/"}}]}},"_links":{"self":[{"href":"https:\/\/synstudio.ca\/fr\/wp-json\/wp\/v3\/product\/22492","targetHints":{"allow":["GET"]}}],"collection":[{"href":"https:\/\/synstudio.ca\/fr\/wp-json\/wp\/v3\/product"}],"about":[{"href":"https:\/\/synstudio.ca\/fr\/wp-json\/wp\/v2\/types\/product"}],"replies":[{"embeddable":true,"href":"https:\/\/synstudio.ca\/fr\/wp-json\/wp\/v2\/comments?post=22492"}],"version-history":[{"count":0,"href":"https:\/\/synstudio.ca\/fr\/wp-json\/wp\/v3\/product\/22492\/revisions"}],"wp:featuredmedia":[{"embeddable":true,"href":"https:\/\/synstudio.ca\/fr\/wp-json\/wp\/v2\/media\/5774"}],"wp:attachment":[{"href":"https:\/\/synstudio.ca\/fr\/wp-json\/wp\/v2\/media?parent=22492"}],"wp:term":[{"taxonomy":"product_cat","embeddable":true,"href":"https:\/\/synstudio.ca\/fr\/wp-json\/wp\/v2\/product_cat?post=22492"},{"taxonomy":"product_tag","embeddable":true,"href":"https:\/\/synstudio.ca\/fr\/wp-json\/wp\/v2\/product_tag?post=22492"}],"curies":[{"name":"wp","href":"https:\/\/api.w.org\/{rel}","templated":true}]}}