{"id":22460,"date":"2025-10-16T11:56:30","date_gmt":"2025-10-16T15:56:31","guid":{"rendered":"https:\/\/synstudio.ca\/?post_type=product&#038;p=22460"},"modified":"2026-04-15T17:01:31","modified_gmt":"2026-04-15T21:01:31","slug":"peinture-numerique-i-en-ligne","status":"publish","type":"product","link":"https:\/\/synstudio.ca\/fr\/cours-art-en-ligne\/peinture-numerique-i-en-ligne\/","title":{"rendered":"Peinture num\u00e9rique I"},"content":{"rendered":"","protected":false},"excerpt":{"rendered":"<p>Apprenez et ma\u00eetrisez les outils et techniques Photoshop essentiels pour optimiser votre efficacit\u00e9 et cr\u00e9er des peintures num\u00e9riques attrayantes.<\/p>\n","protected":false},"featured_media":8687,"comment_status":"closed","ping_status":"closed","template":"","meta":{"_lmt_disableupdate":"no","_lmt_disable":"","footnotes":""},"product_cat":[48,139,135,74],"product_tag":[],"class_list":["post-22460","product","type-product","status-publish","has-post-thumbnail","hentry","product_cat-cours-art-en-ligne","product_cat-cours-de-preparation-du-programme","product_cat-cours-en-ligne-de-concept-art","product_cat-pre-recorded-fr"],"yoast_head":"<!-- This site is optimized with the Yoast SEO plugin v22.5 - https:\/\/yoast.com\/wordpress\/plugins\/seo\/ -->\n<title>Peinture num\u00e9rique I - Syn Studio<\/title>\n<meta name=\"description\" content=\"Peinture num\u00e9rique couvre les techniques essentielles de composition, couleur et lumi\u00e8re, pour cr\u00e9er des \u0153uvres artistiques captivantes et professionnelles.\" \/>\n<meta name=\"robots\" content=\"index, follow, max-snippet:-1, max-image-preview:large, max-video-preview:-1\" \/>\n<link rel=\"canonical\" href=\"https:\/\/synstudio.ca\/fr\/cours-art-en-ligne\/peinture-numerique-i-en-ligne\/\" \/>\n<meta property=\"og:locale\" content=\"fr_FR\" \/>\n<meta property=\"og:type\" content=\"article\" \/>\n<meta property=\"og:title\" content=\"Peinture num\u00e9rique I - Syn Studio\" \/>\n<meta property=\"og:description\" content=\"Peinture num\u00e9rique couvre les techniques essentielles de composition, couleur et lumi\u00e8re, pour cr\u00e9er des \u0153uvres artistiques captivantes et professionnelles.\" \/>\n<meta property=\"og:url\" content=\"https:\/\/synstudio.ca\/fr\/cours-art-en-ligne\/peinture-numerique-i-en-ligne\/\" \/>\n<meta property=\"og:site_name\" content=\"Syn Studio\" \/>\n<meta property=\"article:modified_time\" content=\"2026-04-15T21:01:31+00:00\" \/>\n<meta property=\"og:image\" content=\"https:\/\/synstudio.ca\/wp-content\/uploads\/2021\/01\/DP_LEAD.jpg\" \/>\n\t<meta property=\"og:image:width\" content=\"492\" \/>\n\t<meta property=\"og:image:height\" content=\"462\" \/>\n\t<meta property=\"og:image:type\" content=\"image\/jpeg\" \/>\n<meta name=\"twitter:card\" content=\"summary_large_image\" \/>\n<!-- \/ Yoast SEO plugin. -->","yoast_head_json":{"title":"Peinture num\u00e9rique I - Syn Studio","description":"Peinture num\u00e9rique couvre les techniques essentielles de composition, couleur et lumi\u00e8re, pour cr\u00e9er des \u0153uvres artistiques captivantes et professionnelles.","robots":{"index":"index","follow":"follow","max-snippet":"max-snippet:-1","max-image-preview":"max-image-preview:large","max-video-preview":"max-video-preview:-1"},"canonical":"https:\/\/synstudio.ca\/fr\/cours-art-en-ligne\/peinture-numerique-i-en-ligne\/","og_locale":"fr_FR","og_type":"article","og_title":"Peinture num\u00e9rique I - Syn Studio","og_description":"Peinture num\u00e9rique couvre les techniques essentielles de composition, couleur et lumi\u00e8re, pour cr\u00e9er des \u0153uvres artistiques captivantes et professionnelles.","og_url":"https:\/\/synstudio.ca\/fr\/cours-art-en-ligne\/peinture-numerique-i-en-ligne\/","og_site_name":"Syn Studio","article_modified_time":"2026-04-15T21:01:31+00:00","og_image":[{"width":492,"height":462,"url":"https:\/\/synstudio.ca\/wp-content\/uploads\/2021\/01\/DP_LEAD.jpg","type":"image\/jpeg"}],"twitter_card":"summary_large_image","schema":{"@context":"https:\/\/schema.org","@graph":[{"@type":"WebPage","@id":"https:\/\/synstudio.ca\/fr\/cours-art-en-ligne\/peinture-numerique-i-en-ligne\/","url":"https:\/\/synstudio.ca\/fr\/cours-art-en-ligne\/peinture-numerique-i-en-ligne\/","name":"Peinture num\u00e9rique I - Syn Studio","isPartOf":{"@id":"https:\/\/synstudio.ca\/fr\/#website"},"primaryImageOfPage":{"@id":"https:\/\/synstudio.ca\/fr\/cours-art-en-ligne\/peinture-numerique-i-en-ligne\/#primaryimage"},"image":{"@id":"https:\/\/synstudio.ca\/fr\/cours-art-en-ligne\/peinture-numerique-i-en-ligne\/#primaryimage"},"thumbnailUrl":"https:\/\/synstudio.ca\/wp-content\/uploads\/2021\/01\/DP_LEAD.jpg","datePublished":"2025-10-16T15:56:31+00:00","dateModified":"2026-04-15T21:01:31+00:00","description":"Peinture num\u00e9rique couvre les techniques essentielles de composition, couleur et lumi\u00e8re, pour cr\u00e9er des \u0153uvres artistiques captivantes et professionnelles.","breadcrumb":{"@id":"https:\/\/synstudio.ca\/fr\/cours-art-en-ligne\/peinture-numerique-i-en-ligne\/#breadcrumb"},"inLanguage":"fr-FR","potentialAction":[{"@type":"ReadAction","target":["https:\/\/synstudio.ca\/fr\/cours-art-en-ligne\/peinture-numerique-i-en-ligne\/"]}]},{"@type":"ImageObject","inLanguage":"fr-FR","@id":"https:\/\/synstudio.ca\/fr\/cours-art-en-ligne\/peinture-numerique-i-en-ligne\/#primaryimage","url":"https:\/\/synstudio.ca\/wp-content\/uploads\/2021\/01\/DP_LEAD.jpg","contentUrl":"https:\/\/synstudio.ca\/wp-content\/uploads\/2021\/01\/DP_LEAD.jpg","width":492,"height":462},{"@type":"WebSite","@id":"https:\/\/synstudio.ca\/fr\/#website","url":"https:\/\/synstudio.ca\/fr\/","name":"Syn Studio","description":"Syn Studio is a Montreal art school specializing in teaching concept art and illustration for the entertainment industry.","publisher":{"@id":"https:\/\/synstudio.ca\/fr\/#organization"},"potentialAction":[{"@type":"SearchAction","target":{"@type":"EntryPoint","urlTemplate":"https:\/\/synstudio.ca\/fr\/?s={search_term_string}"},"query-input":"required name=search_term_string"}],"inLanguage":"fr-FR"},{"@type":"Organization","@id":"https:\/\/synstudio.ca\/fr\/#organization","name":"Syn Studio","url":"https:\/\/synstudio.ca\/fr\/","logo":{"@type":"ImageObject","inLanguage":"fr-FR","@id":"https:\/\/synstudio.ca\/fr\/#\/schema\/logo\/image\/","url":"https:\/\/synstudio.ca\/wp-content\/uploads\/2021\/01\/logo-email.png","contentUrl":"https:\/\/synstudio.ca\/wp-content\/uploads\/2021\/01\/logo-email.png","width":250,"height":105,"caption":"Syn Studio"},"image":{"@id":"https:\/\/synstudio.ca\/fr\/#\/schema\/logo\/image\/"}}]}},"_links":{"self":[{"href":"https:\/\/synstudio.ca\/fr\/wp-json\/wp\/v3\/product\/22460","targetHints":{"allow":["GET"]}}],"collection":[{"href":"https:\/\/synstudio.ca\/fr\/wp-json\/wp\/v3\/product"}],"about":[{"href":"https:\/\/synstudio.ca\/fr\/wp-json\/wp\/v2\/types\/product"}],"replies":[{"embeddable":true,"href":"https:\/\/synstudio.ca\/fr\/wp-json\/wp\/v2\/comments?post=22460"}],"version-history":[{"count":0,"href":"https:\/\/synstudio.ca\/fr\/wp-json\/wp\/v3\/product\/22460\/revisions"}],"wp:featuredmedia":[{"embeddable":true,"href":"https:\/\/synstudio.ca\/fr\/wp-json\/wp\/v2\/media\/8687"}],"wp:attachment":[{"href":"https:\/\/synstudio.ca\/fr\/wp-json\/wp\/v2\/media?parent=22460"}],"wp:term":[{"taxonomy":"product_cat","embeddable":true,"href":"https:\/\/synstudio.ca\/fr\/wp-json\/wp\/v2\/product_cat?post=22460"},{"taxonomy":"product_tag","embeddable":true,"href":"https:\/\/synstudio.ca\/fr\/wp-json\/wp\/v2\/product_tag?post=22460"}],"curies":[{"name":"wp","href":"https:\/\/api.w.org\/{rel}","templated":true}]}}