{"id":19868,"date":"2025-01-17T19:13:08","date_gmt":"2025-01-18T00:13:10","guid":{"rendered":"https:\/\/synstudio.ca\/?post_type=product&#038;p=19868"},"modified":"2025-06-18T10:16:32","modified_gmt":"2025-06-18T14:16:32","slug":"etude-de-la-forme-humaine-en-presentiel","status":"publish","type":"product","link":"https:\/\/synstudio.ca\/fr\/montreal-cours-art\/etude-de-la-forme-humaine-en-presentiel\/","title":{"rendered":"\u00c9tude de la forme humaine \u2013 En pr\u00e9sentiel"},"content":{"rendered":"","protected":false},"excerpt":{"rendered":"<p>Apprenez \u00e0 dessiner le corps humain avec un volume et une profondeur appropri\u00e9s et dans des proportions correctes<\/p>\n","protected":false},"featured_media":15115,"comment_status":"closed","ping_status":"closed","template":"","meta":{"_lmt_disableupdate":"no","_lmt_disable":"","footnotes":""},"product_cat":[70,68,141,127],"product_tag":[],"class_list":["post-19868","product","type-product","status-publish","has-post-thumbnail","hentry","product_cat-montreal-cours-art","product_cat-cours-de-dessin-traditionnel","product_cat-classes-inactives-sursite","product_cat-cours-sur-place-syn-studio"],"yoast_head":"<!-- This site is optimized with the Yoast SEO plugin v22.5 - https:\/\/yoast.com\/wordpress\/plugins\/seo\/ -->\n<title>\u00c9tude de la forme humaine \u2013 En pr\u00e9sentiel - Syn Studio<\/title>\n<meta name=\"description\" content=\"Apprenez la forme humaine avec pr\u00e9cision. Ma\u00eetrisez les proportions, le mouvement et les techniques de rendu pour des r\u00e9sultats magnifiques.\" \/>\n<meta name=\"robots\" content=\"index, follow, max-snippet:-1, max-image-preview:large, max-video-preview:-1\" \/>\n<link rel=\"canonical\" href=\"https:\/\/synstudio.ca\/fr\/montreal-cours-art\/etude-de-la-forme-humaine-en-presentiel\/\" \/>\n<meta property=\"og:locale\" content=\"fr_FR\" \/>\n<meta property=\"og:type\" content=\"article\" \/>\n<meta property=\"og:title\" content=\"\u00c9tude de la forme humaine \u2013 En pr\u00e9sentiel - Syn Studio\" \/>\n<meta property=\"og:description\" content=\"Apprenez la forme humaine avec pr\u00e9cision. Ma\u00eetrisez les proportions, le mouvement et les techniques de rendu pour des r\u00e9sultats magnifiques.\" \/>\n<meta property=\"og:url\" content=\"https:\/\/synstudio.ca\/fr\/montreal-cours-art\/etude-de-la-forme-humaine-en-presentiel\/\" \/>\n<meta property=\"og:site_name\" content=\"Syn Studio\" \/>\n<meta property=\"article:modified_time\" content=\"2025-06-18T14:16:32+00:00\" \/>\n<meta property=\"og:image\" content=\"https:\/\/synstudio.ca\/wp-content\/uploads\/2021\/01\/Drawing-the-Human-Form-1024x1024.jpg\" \/>\n\t<meta property=\"og:image:width\" content=\"1024\" \/>\n\t<meta property=\"og:image:height\" content=\"1024\" \/>\n\t<meta property=\"og:image:type\" content=\"image\/jpeg\" \/>\n<meta name=\"twitter:card\" content=\"summary_large_image\" \/>\n<!-- \/ Yoast SEO plugin. -->","yoast_head_json":{"title":"\u00c9tude de la forme humaine \u2013 En pr\u00e9sentiel - Syn Studio","description":"Apprenez la forme humaine avec pr\u00e9cision. Ma\u00eetrisez les proportions, le mouvement et les techniques de rendu pour des r\u00e9sultats magnifiques.","robots":{"index":"index","follow":"follow","max-snippet":"max-snippet:-1","max-image-preview":"max-image-preview:large","max-video-preview":"max-video-preview:-1"},"canonical":"https:\/\/synstudio.ca\/fr\/montreal-cours-art\/etude-de-la-forme-humaine-en-presentiel\/","og_locale":"fr_FR","og_type":"article","og_title":"\u00c9tude de la forme humaine \u2013 En pr\u00e9sentiel - Syn Studio","og_description":"Apprenez la forme humaine avec pr\u00e9cision. Ma\u00eetrisez les proportions, le mouvement et les techniques de rendu pour des r\u00e9sultats magnifiques.","og_url":"https:\/\/synstudio.ca\/fr\/montreal-cours-art\/etude-de-la-forme-humaine-en-presentiel\/","og_site_name":"Syn Studio","article_modified_time":"2025-06-18T14:16:32+00:00","og_image":[{"width":1024,"height":1024,"url":"https:\/\/synstudio.ca\/wp-content\/uploads\/2021\/01\/Drawing-the-Human-Form-1024x1024.jpg","type":"image\/jpeg"}],"twitter_card":"summary_large_image","schema":{"@context":"https:\/\/schema.org","@graph":[{"@type":"WebPage","@id":"https:\/\/synstudio.ca\/fr\/montreal-cours-art\/etude-de-la-forme-humaine-en-presentiel\/","url":"https:\/\/synstudio.ca\/fr\/montreal-cours-art\/etude-de-la-forme-humaine-en-presentiel\/","name":"\u00c9tude de la forme humaine \u2013 En pr\u00e9sentiel - Syn Studio","isPartOf":{"@id":"https:\/\/synstudio.ca\/fr\/#website"},"primaryImageOfPage":{"@id":"https:\/\/synstudio.ca\/fr\/montreal-cours-art\/etude-de-la-forme-humaine-en-presentiel\/#primaryimage"},"image":{"@id":"https:\/\/synstudio.ca\/fr\/montreal-cours-art\/etude-de-la-forme-humaine-en-presentiel\/#primaryimage"},"thumbnailUrl":"https:\/\/synstudio.ca\/wp-content\/uploads\/2021\/01\/Drawing-the-Human-Form.jpg","datePublished":"2025-01-18T00:13:10+00:00","dateModified":"2025-06-18T14:16:32+00:00","description":"Apprenez la forme humaine avec pr\u00e9cision. Ma\u00eetrisez les proportions, le mouvement et les techniques de rendu pour des r\u00e9sultats magnifiques.","breadcrumb":{"@id":"https:\/\/synstudio.ca\/fr\/montreal-cours-art\/etude-de-la-forme-humaine-en-presentiel\/#breadcrumb"},"inLanguage":"fr-FR","potentialAction":[{"@type":"ReadAction","target":["https:\/\/synstudio.ca\/fr\/montreal-cours-art\/etude-de-la-forme-humaine-en-presentiel\/"]}]},{"@type":"ImageObject","inLanguage":"fr-FR","@id":"https:\/\/synstudio.ca\/fr\/montreal-cours-art\/etude-de-la-forme-humaine-en-presentiel\/#primaryimage","url":"https:\/\/synstudio.ca\/wp-content\/uploads\/2021\/01\/Drawing-the-Human-Form.jpg","contentUrl":"https:\/\/synstudio.ca\/wp-content\/uploads\/2021\/01\/Drawing-the-Human-Form.jpg","width":2000,"height":2000},{"@type":"WebSite","@id":"https:\/\/synstudio.ca\/fr\/#website","url":"https:\/\/synstudio.ca\/fr\/","name":"Syn Studio","description":"Syn Studio is a Montreal art school specializing in teaching concept art and illustration for the entertainment industry.","publisher":{"@id":"https:\/\/synstudio.ca\/fr\/#organization"},"potentialAction":[{"@type":"SearchAction","target":{"@type":"EntryPoint","urlTemplate":"https:\/\/synstudio.ca\/fr\/?s={search_term_string}"},"query-input":"required name=search_term_string"}],"inLanguage":"fr-FR"},{"@type":"Organization","@id":"https:\/\/synstudio.ca\/fr\/#organization","name":"Syn Studio","url":"https:\/\/synstudio.ca\/fr\/","logo":{"@type":"ImageObject","inLanguage":"fr-FR","@id":"https:\/\/synstudio.ca\/fr\/#\/schema\/logo\/image\/","url":"https:\/\/synstudio.ca\/wp-content\/uploads\/2021\/01\/logo-email.png","contentUrl":"https:\/\/synstudio.ca\/wp-content\/uploads\/2021\/01\/logo-email.png","width":250,"height":105,"caption":"Syn Studio"},"image":{"@id":"https:\/\/synstudio.ca\/fr\/#\/schema\/logo\/image\/"}}]}},"_links":{"self":[{"href":"https:\/\/synstudio.ca\/fr\/wp-json\/wp\/v3\/product\/19868","targetHints":{"allow":["GET"]}}],"collection":[{"href":"https:\/\/synstudio.ca\/fr\/wp-json\/wp\/v3\/product"}],"about":[{"href":"https:\/\/synstudio.ca\/fr\/wp-json\/wp\/v2\/types\/product"}],"replies":[{"embeddable":true,"href":"https:\/\/synstudio.ca\/fr\/wp-json\/wp\/v2\/comments?post=19868"}],"version-history":[{"count":0,"href":"https:\/\/synstudio.ca\/fr\/wp-json\/wp\/v3\/product\/19868\/revisions"}],"wp:featuredmedia":[{"embeddable":true,"href":"https:\/\/synstudio.ca\/fr\/wp-json\/wp\/v2\/media\/15115"}],"wp:attachment":[{"href":"https:\/\/synstudio.ca\/fr\/wp-json\/wp\/v2\/media?parent=19868"}],"wp:term":[{"taxonomy":"product_cat","embeddable":true,"href":"https:\/\/synstudio.ca\/fr\/wp-json\/wp\/v2\/product_cat?post=19868"},{"taxonomy":"product_tag","embeddable":true,"href":"https:\/\/synstudio.ca\/fr\/wp-json\/wp\/v2\/product_tag?post=19868"}],"curies":[{"name":"wp","href":"https:\/\/api.w.org\/{rel}","templated":true}]}}