{"id":19072,"date":"2024-10-21T16:02:55","date_gmt":"2024-10-21T20:02:58","guid":{"rendered":"https:\/\/synstudio.ca\/?post_type=product&#038;p=19072"},"modified":"2024-12-19T14:27:48","modified_gmt":"2024-12-19T19:27:48","slug":"dessin-numerique-de-production-en-presentiel","status":"publish","type":"product","link":"https:\/\/synstudio.ca\/fr\/montreal-cours-art\/dessin-numerique-de-production-en-presentiel\/","title":{"rendered":"Dessin num\u00e9rique de production &#8211; En pr\u00e9sentiel"},"content":{"rendered":"","protected":false},"excerpt":{"rendered":"<p>Apprendre \u00e0 g\u00e9n\u00e9rer rapidement des id\u00e9es originales et \u00e0 esquisser efficacement vos concepts<\/p>\n","protected":false},"featured_media":1920,"comment_status":"closed","ping_status":"closed","template":"","meta":{"_lmt_disableupdate":"no","_lmt_disable":"","footnotes":""},"product_cat":[70,141,127,73],"product_tag":[],"class_list":["post-19072","product","type-product","status-publish","has-post-thumbnail","hentry","product_cat-montreal-cours-art","product_cat-classes-inactives-sursite","product_cat-cours-sur-place-syn-studio","product_cat-video-access-fr"],"yoast_head":"<!-- This site is optimized with the Yoast SEO plugin v22.5 - https:\/\/yoast.com\/wordpress\/plugins\/seo\/ -->\n<title>Dessin num\u00e9rique de production - En pr\u00e9sentiel - Syn Studio<\/title>\n<meta name=\"description\" content=\"Dessin num\u00e9rique de production en pr\u00e9sentiel couvre la vitesse, la pr\u00e9cision et la cr\u00e9ativit\u00e9 pour d\u00e9velopper des croquis efficaces adapt\u00e9s \u00e0 la production.\" \/>\n<meta name=\"robots\" content=\"index, follow, max-snippet:-1, max-image-preview:large, max-video-preview:-1\" \/>\n<link rel=\"canonical\" href=\"https:\/\/synstudio.ca\/fr\/montreal-cours-art\/dessin-numerique-de-production-en-presentiel\/\" \/>\n<meta property=\"og:locale\" content=\"fr_FR\" \/>\n<meta property=\"og:type\" content=\"article\" \/>\n<meta property=\"og:title\" content=\"Dessin num\u00e9rique de production - En pr\u00e9sentiel - Syn Studio\" \/>\n<meta property=\"og:description\" content=\"Dessin num\u00e9rique de production en pr\u00e9sentiel couvre la vitesse, la pr\u00e9cision et la cr\u00e9ativit\u00e9 pour d\u00e9velopper des croquis efficaces adapt\u00e9s \u00e0 la production.\" \/>\n<meta property=\"og:url\" content=\"https:\/\/synstudio.ca\/fr\/montreal-cours-art\/dessin-numerique-de-production-en-presentiel\/\" \/>\n<meta property=\"og:site_name\" content=\"Syn Studio\" \/>\n<meta property=\"article:modified_time\" content=\"2024-12-19T19:27:48+00:00\" \/>\n<meta property=\"og:image\" content=\"https:\/\/synstudio.ca\/wp-content\/uploads\/2019\/07\/christian_lead.jpg\" \/>\n\t<meta property=\"og:image:width\" content=\"1064\" \/>\n\t<meta property=\"og:image:height\" content=\"1064\" \/>\n\t<meta property=\"og:image:type\" content=\"image\/jpeg\" \/>\n<meta name=\"twitter:card\" content=\"summary_large_image\" \/>\n<!-- \/ Yoast SEO plugin. -->","yoast_head_json":{"title":"Dessin num\u00e9rique de production - En pr\u00e9sentiel - Syn Studio","description":"Dessin num\u00e9rique de production en pr\u00e9sentiel couvre la vitesse, la pr\u00e9cision et la cr\u00e9ativit\u00e9 pour d\u00e9velopper des croquis efficaces adapt\u00e9s \u00e0 la production.","robots":{"index":"index","follow":"follow","max-snippet":"max-snippet:-1","max-image-preview":"max-image-preview:large","max-video-preview":"max-video-preview:-1"},"canonical":"https:\/\/synstudio.ca\/fr\/montreal-cours-art\/dessin-numerique-de-production-en-presentiel\/","og_locale":"fr_FR","og_type":"article","og_title":"Dessin num\u00e9rique de production - En pr\u00e9sentiel - Syn Studio","og_description":"Dessin num\u00e9rique de production en pr\u00e9sentiel couvre la vitesse, la pr\u00e9cision et la cr\u00e9ativit\u00e9 pour d\u00e9velopper des croquis efficaces adapt\u00e9s \u00e0 la production.","og_url":"https:\/\/synstudio.ca\/fr\/montreal-cours-art\/dessin-numerique-de-production-en-presentiel\/","og_site_name":"Syn Studio","article_modified_time":"2024-12-19T19:27:48+00:00","og_image":[{"width":1064,"height":1064,"url":"https:\/\/synstudio.ca\/wp-content\/uploads\/2019\/07\/christian_lead.jpg","type":"image\/jpeg"}],"twitter_card":"summary_large_image","schema":{"@context":"https:\/\/schema.org","@graph":[{"@type":"WebPage","@id":"https:\/\/synstudio.ca\/fr\/montreal-cours-art\/dessin-numerique-de-production-en-presentiel\/","url":"https:\/\/synstudio.ca\/fr\/montreal-cours-art\/dessin-numerique-de-production-en-presentiel\/","name":"Dessin num\u00e9rique de production - En pr\u00e9sentiel - Syn Studio","isPartOf":{"@id":"https:\/\/synstudio.ca\/fr\/#website"},"primaryImageOfPage":{"@id":"https:\/\/synstudio.ca\/fr\/montreal-cours-art\/dessin-numerique-de-production-en-presentiel\/#primaryimage"},"image":{"@id":"https:\/\/synstudio.ca\/fr\/montreal-cours-art\/dessin-numerique-de-production-en-presentiel\/#primaryimage"},"thumbnailUrl":"https:\/\/synstudio.ca\/wp-content\/uploads\/2019\/07\/christian_lead.jpg","datePublished":"2024-10-21T20:02:58+00:00","dateModified":"2024-12-19T19:27:48+00:00","description":"Dessin num\u00e9rique de production en pr\u00e9sentiel couvre la vitesse, la pr\u00e9cision et la cr\u00e9ativit\u00e9 pour d\u00e9velopper des croquis efficaces adapt\u00e9s \u00e0 la production.","breadcrumb":{"@id":"https:\/\/synstudio.ca\/fr\/montreal-cours-art\/dessin-numerique-de-production-en-presentiel\/#breadcrumb"},"inLanguage":"fr-FR","potentialAction":[{"@type":"ReadAction","target":["https:\/\/synstudio.ca\/fr\/montreal-cours-art\/dessin-numerique-de-production-en-presentiel\/"]}]},{"@type":"ImageObject","inLanguage":"fr-FR","@id":"https:\/\/synstudio.ca\/fr\/montreal-cours-art\/dessin-numerique-de-production-en-presentiel\/#primaryimage","url":"https:\/\/synstudio.ca\/wp-content\/uploads\/2019\/07\/christian_lead.jpg","contentUrl":"https:\/\/synstudio.ca\/wp-content\/uploads\/2019\/07\/christian_lead.jpg","width":1064,"height":1064},{"@type":"WebSite","@id":"https:\/\/synstudio.ca\/fr\/#website","url":"https:\/\/synstudio.ca\/fr\/","name":"Syn Studio","description":"Syn Studio is a Montreal art school specializing in teaching concept art and illustration for the entertainment industry.","publisher":{"@id":"https:\/\/synstudio.ca\/fr\/#organization"},"potentialAction":[{"@type":"SearchAction","target":{"@type":"EntryPoint","urlTemplate":"https:\/\/synstudio.ca\/fr\/?s={search_term_string}"},"query-input":"required name=search_term_string"}],"inLanguage":"fr-FR"},{"@type":"Organization","@id":"https:\/\/synstudio.ca\/fr\/#organization","name":"Syn Studio","url":"https:\/\/synstudio.ca\/fr\/","logo":{"@type":"ImageObject","inLanguage":"fr-FR","@id":"https:\/\/synstudio.ca\/fr\/#\/schema\/logo\/image\/","url":"https:\/\/synstudio.ca\/wp-content\/uploads\/2021\/01\/logo-email.png","contentUrl":"https:\/\/synstudio.ca\/wp-content\/uploads\/2021\/01\/logo-email.png","width":250,"height":105,"caption":"Syn Studio"},"image":{"@id":"https:\/\/synstudio.ca\/fr\/#\/schema\/logo\/image\/"}}]}},"_links":{"self":[{"href":"https:\/\/synstudio.ca\/fr\/wp-json\/wp\/v3\/product\/19072","targetHints":{"allow":["GET"]}}],"collection":[{"href":"https:\/\/synstudio.ca\/fr\/wp-json\/wp\/v3\/product"}],"about":[{"href":"https:\/\/synstudio.ca\/fr\/wp-json\/wp\/v2\/types\/product"}],"replies":[{"embeddable":true,"href":"https:\/\/synstudio.ca\/fr\/wp-json\/wp\/v2\/comments?post=19072"}],"version-history":[{"count":0,"href":"https:\/\/synstudio.ca\/fr\/wp-json\/wp\/v3\/product\/19072\/revisions"}],"wp:featuredmedia":[{"embeddable":true,"href":"https:\/\/synstudio.ca\/fr\/wp-json\/wp\/v2\/media\/1920"}],"wp:attachment":[{"href":"https:\/\/synstudio.ca\/fr\/wp-json\/wp\/v2\/media?parent=19072"}],"wp:term":[{"taxonomy":"product_cat","embeddable":true,"href":"https:\/\/synstudio.ca\/fr\/wp-json\/wp\/v2\/product_cat?post=19072"},{"taxonomy":"product_tag","embeddable":true,"href":"https:\/\/synstudio.ca\/fr\/wp-json\/wp\/v2\/product_tag?post=19072"}],"curies":[{"name":"wp","href":"https:\/\/api.w.org\/{rel}","templated":true}]}}