{"id":17913,"date":"2024-07-24T17:23:43","date_gmt":"2024-07-24T21:23:46","guid":{"rendered":"https:\/\/synstudio.ca\/?post_type=product&#038;p=17913"},"modified":"2025-04-17T15:30:04","modified_gmt":"2025-04-17T19:30:04","slug":"illustration-numerique","status":"publish","type":"product","link":"https:\/\/synstudio.ca\/fr\/cours-sur-place-syn-studio\/illustration-numerique\/","title":{"rendered":"Illustration num\u00e9rique &#8211; En pr\u00e9sentiel"},"content":{"rendered":"","protected":false},"excerpt":{"rendered":"<p>(Ce cours est bilingue) Rejoignez l&rsquo;artiste exp\u00e9riment\u00e9 Charles Vinh pour am\u00e9liorer vos comp\u00e9tences en peinture dans ce cours complet de peinture num\u00e9rique.<\/p>\n","protected":false},"featured_media":18978,"comment_status":"closed","ping_status":"closed","template":"","meta":{"_lmt_disableupdate":"no","_lmt_disable":"","footnotes":""},"product_cat":[70,66,141,127],"product_tag":[],"class_list":["post-17913","product","type-product","status-publish","has-post-thumbnail","hentry","product_cat-montreal-cours-art","product_cat-cours-de-concept-art-et-dillustration","product_cat-classes-inactives-sursite","product_cat-cours-sur-place-syn-studio"],"yoast_head":"<!-- This site is optimized with the Yoast SEO plugin v22.5 - https:\/\/yoast.com\/wordpress\/plugins\/seo\/ -->\n<title>Illustration num\u00e9rique - En pr\u00e9sentiel - Syn Studio<\/title>\n<meta name=\"description\" content=\"Illustration num\u00e9rique aborde la peinture digitale avec des techniques de couleur, de lumi\u00e8re et de composition pour concevoir des \u0153uvres d\u00e9taill\u00e9es.\" \/>\n<meta name=\"robots\" content=\"index, follow, max-snippet:-1, max-image-preview:large, max-video-preview:-1\" \/>\n<link rel=\"canonical\" href=\"https:\/\/synstudio.ca\/fr\/cours-sur-place-syn-studio\/illustration-numerique\/\" \/>\n<meta property=\"og:locale\" content=\"fr_FR\" \/>\n<meta property=\"og:type\" content=\"article\" \/>\n<meta property=\"og:title\" content=\"Illustration num\u00e9rique - En pr\u00e9sentiel - Syn Studio\" \/>\n<meta property=\"og:description\" content=\"Illustration num\u00e9rique aborde la peinture digitale avec des techniques de couleur, de lumi\u00e8re et de composition pour concevoir des \u0153uvres d\u00e9taill\u00e9es.\" \/>\n<meta property=\"og:url\" content=\"https:\/\/synstudio.ca\/fr\/cours-sur-place-syn-studio\/illustration-numerique\/\" \/>\n<meta property=\"og:site_name\" content=\"Syn Studio\" \/>\n<meta property=\"article:modified_time\" content=\"2025-04-17T19:30:04+00:00\" \/>\n<meta property=\"og:image\" content=\"https:\/\/synstudio.ca\/wp-content\/uploads\/2024\/07\/city.jpg\" \/>\n\t<meta property=\"og:image:width\" content=\"1200\" \/>\n\t<meta property=\"og:image:height\" content=\"903\" \/>\n\t<meta property=\"og:image:type\" content=\"image\/jpeg\" \/>\n<meta name=\"twitter:card\" content=\"summary_large_image\" \/>\n<!-- \/ Yoast SEO plugin. -->","yoast_head_json":{"title":"Illustration num\u00e9rique - En pr\u00e9sentiel - Syn Studio","description":"Illustration num\u00e9rique aborde la peinture digitale avec des techniques de couleur, de lumi\u00e8re et de composition pour concevoir des \u0153uvres d\u00e9taill\u00e9es.","robots":{"index":"index","follow":"follow","max-snippet":"max-snippet:-1","max-image-preview":"max-image-preview:large","max-video-preview":"max-video-preview:-1"},"canonical":"https:\/\/synstudio.ca\/fr\/cours-sur-place-syn-studio\/illustration-numerique\/","og_locale":"fr_FR","og_type":"article","og_title":"Illustration num\u00e9rique - En pr\u00e9sentiel - Syn Studio","og_description":"Illustration num\u00e9rique aborde la peinture digitale avec des techniques de couleur, de lumi\u00e8re et de composition pour concevoir des \u0153uvres d\u00e9taill\u00e9es.","og_url":"https:\/\/synstudio.ca\/fr\/cours-sur-place-syn-studio\/illustration-numerique\/","og_site_name":"Syn Studio","article_modified_time":"2025-04-17T19:30:04+00:00","og_image":[{"width":1200,"height":903,"url":"https:\/\/synstudio.ca\/wp-content\/uploads\/2024\/07\/city.jpg","type":"image\/jpeg"}],"twitter_card":"summary_large_image","schema":{"@context":"https:\/\/schema.org","@graph":[{"@type":"WebPage","@id":"https:\/\/synstudio.ca\/fr\/cours-sur-place-syn-studio\/illustration-numerique\/","url":"https:\/\/synstudio.ca\/fr\/cours-sur-place-syn-studio\/illustration-numerique\/","name":"Illustration num\u00e9rique - En pr\u00e9sentiel - Syn Studio","isPartOf":{"@id":"https:\/\/synstudio.ca\/fr\/#website"},"primaryImageOfPage":{"@id":"https:\/\/synstudio.ca\/fr\/cours-sur-place-syn-studio\/illustration-numerique\/#primaryimage"},"image":{"@id":"https:\/\/synstudio.ca\/fr\/cours-sur-place-syn-studio\/illustration-numerique\/#primaryimage"},"thumbnailUrl":"https:\/\/synstudio.ca\/wp-content\/uploads\/2024\/07\/city.jpg","datePublished":"2024-07-24T21:23:46+00:00","dateModified":"2025-04-17T19:30:04+00:00","description":"Illustration num\u00e9rique aborde la peinture digitale avec des techniques de couleur, de lumi\u00e8re et de composition pour concevoir des \u0153uvres d\u00e9taill\u00e9es.","breadcrumb":{"@id":"https:\/\/synstudio.ca\/fr\/cours-sur-place-syn-studio\/illustration-numerique\/#breadcrumb"},"inLanguage":"fr-FR","potentialAction":[{"@type":"ReadAction","target":["https:\/\/synstudio.ca\/fr\/cours-sur-place-syn-studio\/illustration-numerique\/"]}]},{"@type":"ImageObject","inLanguage":"fr-FR","@id":"https:\/\/synstudio.ca\/fr\/cours-sur-place-syn-studio\/illustration-numerique\/#primaryimage","url":"https:\/\/synstudio.ca\/wp-content\/uploads\/2024\/07\/city.jpg","contentUrl":"https:\/\/synstudio.ca\/wp-content\/uploads\/2024\/07\/city.jpg","width":1200,"height":903},{"@type":"WebSite","@id":"https:\/\/synstudio.ca\/fr\/#website","url":"https:\/\/synstudio.ca\/fr\/","name":"Syn Studio","description":"Syn Studio is a Montreal art school specializing in teaching concept art and illustration for the entertainment industry.","publisher":{"@id":"https:\/\/synstudio.ca\/fr\/#organization"},"potentialAction":[{"@type":"SearchAction","target":{"@type":"EntryPoint","urlTemplate":"https:\/\/synstudio.ca\/fr\/?s={search_term_string}"},"query-input":"required name=search_term_string"}],"inLanguage":"fr-FR"},{"@type":"Organization","@id":"https:\/\/synstudio.ca\/fr\/#organization","name":"Syn Studio","url":"https:\/\/synstudio.ca\/fr\/","logo":{"@type":"ImageObject","inLanguage":"fr-FR","@id":"https:\/\/synstudio.ca\/fr\/#\/schema\/logo\/image\/","url":"https:\/\/synstudio.ca\/wp-content\/uploads\/2021\/01\/logo-email.png","contentUrl":"https:\/\/synstudio.ca\/wp-content\/uploads\/2021\/01\/logo-email.png","width":250,"height":105,"caption":"Syn Studio"},"image":{"@id":"https:\/\/synstudio.ca\/fr\/#\/schema\/logo\/image\/"}}]}},"_links":{"self":[{"href":"https:\/\/synstudio.ca\/fr\/wp-json\/wp\/v3\/product\/17913","targetHints":{"allow":["GET"]}}],"collection":[{"href":"https:\/\/synstudio.ca\/fr\/wp-json\/wp\/v3\/product"}],"about":[{"href":"https:\/\/synstudio.ca\/fr\/wp-json\/wp\/v2\/types\/product"}],"replies":[{"embeddable":true,"href":"https:\/\/synstudio.ca\/fr\/wp-json\/wp\/v2\/comments?post=17913"}],"version-history":[{"count":0,"href":"https:\/\/synstudio.ca\/fr\/wp-json\/wp\/v3\/product\/17913\/revisions"}],"wp:featuredmedia":[{"embeddable":true,"href":"https:\/\/synstudio.ca\/fr\/wp-json\/wp\/v2\/media\/18978"}],"wp:attachment":[{"href":"https:\/\/synstudio.ca\/fr\/wp-json\/wp\/v2\/media?parent=17913"}],"wp:term":[{"taxonomy":"product_cat","embeddable":true,"href":"https:\/\/synstudio.ca\/fr\/wp-json\/wp\/v2\/product_cat?post=17913"},{"taxonomy":"product_tag","embeddable":true,"href":"https:\/\/synstudio.ca\/fr\/wp-json\/wp\/v2\/product_tag?post=17913"}],"curies":[{"name":"wp","href":"https:\/\/api.w.org\/{rel}","templated":true}]}}