{"id":17008,"date":"2024-02-13T16:35:03","date_gmt":"2024-02-13T21:35:05","guid":{"rendered":"https:\/\/synstudio.ca\/?post_type=product&#038;p=17008"},"modified":"2024-12-19T12:45:51","modified_gmt":"2024-12-19T17:45:51","slug":"arriere-plans-pour-lanimation","status":"publish","type":"product","link":"https:\/\/synstudio.ca\/fr\/cours-art-en-ligne\/arriere-plans-pour-lanimation\/","title":{"rendered":"Arri\u00e8re-plans pour l&rsquo;animation"},"content":{"rendered":"","protected":false},"excerpt":{"rendered":"<p>Apprendre les comp\u00e9tences de base n\u00e9cessaires pour dessiner et peindre des arri\u00e8re-plans pour l&rsquo;animation<\/p>\n","protected":false},"featured_media":17056,"comment_status":"closed","ping_status":"closed","template":"page-templates\/product-level4-control.php","meta":{"_lmt_disableupdate":"no","_lmt_disable":"","footnotes":""},"product_cat":[48,115],"product_tag":[],"class_list":["post-17008","product","type-product","status-publish","has-post-thumbnail","hentry","product_cat-cours-art-en-ligne","product_cat-classes-inactives"],"yoast_head":"<!-- This site is optimized with the Yoast SEO plugin v22.5 - https:\/\/yoast.com\/wordpress\/plugins\/seo\/ -->\n<title>Arri\u00e8re-plans pour l&#039;animation - Syn Studio<\/title>\n<meta name=\"description\" content=\"Arri\u00e8re-plans pour l\u2019animation traite de la composition, de la perspective et des d\u00e9tails pour cr\u00e9er des d\u00e9cors dynamiques adapt\u00e9s \u00e0 divers styles d\u2019animation.\" \/>\n<meta name=\"robots\" content=\"index, follow, max-snippet:-1, max-image-preview:large, max-video-preview:-1\" \/>\n<link rel=\"canonical\" href=\"https:\/\/synstudio.ca\/fr\/cours-art-en-ligne\/arriere-plans-pour-lanimation\/\" \/>\n<meta property=\"og:locale\" content=\"fr_FR\" \/>\n<meta property=\"og:type\" content=\"article\" \/>\n<meta property=\"og:title\" content=\"Arri\u00e8re-plans pour l&#039;animation - Syn Studio\" \/>\n<meta property=\"og:description\" content=\"Arri\u00e8re-plans pour l\u2019animation traite de la composition, de la perspective et des d\u00e9tails pour cr\u00e9er des d\u00e9cors dynamiques adapt\u00e9s \u00e0 divers styles d\u2019animation.\" \/>\n<meta property=\"og:url\" content=\"https:\/\/synstudio.ca\/fr\/cours-art-en-ligne\/arriere-plans-pour-lanimation\/\" \/>\n<meta property=\"og:site_name\" content=\"Syn Studio\" \/>\n<meta property=\"article:modified_time\" content=\"2024-12-19T17:45:51+00:00\" \/>\n<meta property=\"og:image\" content=\"https:\/\/synstudio.ca\/wp-content\/uploads\/2024\/02\/CKS_ElephantsFinal_BrushRevision_Websize-4.png\" \/>\n\t<meta property=\"og:image:width\" content=\"1800\" \/>\n\t<meta property=\"og:image:height\" content=\"899\" \/>\n\t<meta property=\"og:image:type\" content=\"image\/png\" \/>\n<meta name=\"twitter:card\" content=\"summary_large_image\" \/>\n<!-- \/ Yoast SEO plugin. -->","yoast_head_json":{"title":"Arri\u00e8re-plans pour l'animation - Syn Studio","description":"Arri\u00e8re-plans pour l\u2019animation traite de la composition, de la perspective et des d\u00e9tails pour cr\u00e9er des d\u00e9cors dynamiques adapt\u00e9s \u00e0 divers styles d\u2019animation.","robots":{"index":"index","follow":"follow","max-snippet":"max-snippet:-1","max-image-preview":"max-image-preview:large","max-video-preview":"max-video-preview:-1"},"canonical":"https:\/\/synstudio.ca\/fr\/cours-art-en-ligne\/arriere-plans-pour-lanimation\/","og_locale":"fr_FR","og_type":"article","og_title":"Arri\u00e8re-plans pour l'animation - Syn Studio","og_description":"Arri\u00e8re-plans pour l\u2019animation traite de la composition, de la perspective et des d\u00e9tails pour cr\u00e9er des d\u00e9cors dynamiques adapt\u00e9s \u00e0 divers styles d\u2019animation.","og_url":"https:\/\/synstudio.ca\/fr\/cours-art-en-ligne\/arriere-plans-pour-lanimation\/","og_site_name":"Syn Studio","article_modified_time":"2024-12-19T17:45:51+00:00","og_image":[{"width":1800,"height":899,"url":"https:\/\/synstudio.ca\/wp-content\/uploads\/2024\/02\/CKS_ElephantsFinal_BrushRevision_Websize-4.png","type":"image\/png"}],"twitter_card":"summary_large_image","schema":{"@context":"https:\/\/schema.org","@graph":[{"@type":"WebPage","@id":"https:\/\/synstudio.ca\/fr\/cours-art-en-ligne\/arriere-plans-pour-lanimation\/","url":"https:\/\/synstudio.ca\/fr\/cours-art-en-ligne\/arriere-plans-pour-lanimation\/","name":"Arri\u00e8re-plans pour l'animation - Syn Studio","isPartOf":{"@id":"https:\/\/synstudio.ca\/fr\/#website"},"primaryImageOfPage":{"@id":"https:\/\/synstudio.ca\/fr\/cours-art-en-ligne\/arriere-plans-pour-lanimation\/#primaryimage"},"image":{"@id":"https:\/\/synstudio.ca\/fr\/cours-art-en-ligne\/arriere-plans-pour-lanimation\/#primaryimage"},"thumbnailUrl":"https:\/\/synstudio.ca\/wp-content\/uploads\/2024\/02\/CKS_ElephantsFinal_BrushRevision_Websize-4.png","datePublished":"2024-02-13T21:35:05+00:00","dateModified":"2024-12-19T17:45:51+00:00","description":"Arri\u00e8re-plans pour l\u2019animation traite de la composition, de la perspective et des d\u00e9tails pour cr\u00e9er des d\u00e9cors dynamiques adapt\u00e9s \u00e0 divers styles d\u2019animation.","breadcrumb":{"@id":"https:\/\/synstudio.ca\/fr\/cours-art-en-ligne\/arriere-plans-pour-lanimation\/#breadcrumb"},"inLanguage":"fr-FR","potentialAction":[{"@type":"ReadAction","target":["https:\/\/synstudio.ca\/fr\/cours-art-en-ligne\/arriere-plans-pour-lanimation\/"]}]},{"@type":"ImageObject","inLanguage":"fr-FR","@id":"https:\/\/synstudio.ca\/fr\/cours-art-en-ligne\/arriere-plans-pour-lanimation\/#primaryimage","url":"https:\/\/synstudio.ca\/wp-content\/uploads\/2024\/02\/CKS_ElephantsFinal_BrushRevision_Websize-4.png","contentUrl":"https:\/\/synstudio.ca\/wp-content\/uploads\/2024\/02\/CKS_ElephantsFinal_BrushRevision_Websize-4.png","width":1800,"height":899},{"@type":"WebSite","@id":"https:\/\/synstudio.ca\/fr\/#website","url":"https:\/\/synstudio.ca\/fr\/","name":"Syn Studio","description":"Syn Studio is a Montreal art school specializing in teaching concept art and illustration for the entertainment industry.","publisher":{"@id":"https:\/\/synstudio.ca\/fr\/#organization"},"potentialAction":[{"@type":"SearchAction","target":{"@type":"EntryPoint","urlTemplate":"https:\/\/synstudio.ca\/fr\/?s={search_term_string}"},"query-input":"required name=search_term_string"}],"inLanguage":"fr-FR"},{"@type":"Organization","@id":"https:\/\/synstudio.ca\/fr\/#organization","name":"Syn Studio","url":"https:\/\/synstudio.ca\/fr\/","logo":{"@type":"ImageObject","inLanguage":"fr-FR","@id":"https:\/\/synstudio.ca\/fr\/#\/schema\/logo\/image\/","url":"https:\/\/synstudio.ca\/wp-content\/uploads\/2021\/01\/logo-email.png","contentUrl":"https:\/\/synstudio.ca\/wp-content\/uploads\/2021\/01\/logo-email.png","width":250,"height":105,"caption":"Syn Studio"},"image":{"@id":"https:\/\/synstudio.ca\/fr\/#\/schema\/logo\/image\/"}}]}},"_links":{"self":[{"href":"https:\/\/synstudio.ca\/fr\/wp-json\/wp\/v3\/product\/17008","targetHints":{"allow":["GET"]}}],"collection":[{"href":"https:\/\/synstudio.ca\/fr\/wp-json\/wp\/v3\/product"}],"about":[{"href":"https:\/\/synstudio.ca\/fr\/wp-json\/wp\/v2\/types\/product"}],"replies":[{"embeddable":true,"href":"https:\/\/synstudio.ca\/fr\/wp-json\/wp\/v2\/comments?post=17008"}],"version-history":[{"count":0,"href":"https:\/\/synstudio.ca\/fr\/wp-json\/wp\/v3\/product\/17008\/revisions"}],"wp:featuredmedia":[{"embeddable":true,"href":"https:\/\/synstudio.ca\/fr\/wp-json\/wp\/v2\/media\/17056"}],"wp:attachment":[{"href":"https:\/\/synstudio.ca\/fr\/wp-json\/wp\/v2\/media?parent=17008"}],"wp:term":[{"taxonomy":"product_cat","embeddable":true,"href":"https:\/\/synstudio.ca\/fr\/wp-json\/wp\/v2\/product_cat?post=17008"},{"taxonomy":"product_tag","embeddable":true,"href":"https:\/\/synstudio.ca\/fr\/wp-json\/wp\/v2\/product_tag?post=17008"}],"curies":[{"name":"wp","href":"https:\/\/api.w.org\/{rel}","templated":true}]}}