{"id":16874,"date":"2024-01-30T18:08:41","date_gmt":"2024-01-30T23:08:42","guid":{"rendered":"https:\/\/synstudio.ca\/?post_type=product&#038;p=16874"},"modified":"2025-06-18T12:04:15","modified_gmt":"2025-06-18T16:04:15","slug":"les-fondements-de-la-perspective-copy","status":"publish","type":"product","link":"https:\/\/synstudio.ca\/fr\/montreal-cours-art\/les-fondements-de-la-perspective-copy\/","title":{"rendered":"Les fondements de la perspective &#8211; En pr\u00e9sentiel"},"content":{"rendered":"","protected":false},"excerpt":{"rendered":"<p>(Ce cours est bilingue) Vous apprendrez \u00e0 repr\u00e9senter de mani\u00e8re cr\u00e9dible des objets, des accessoires, des v\u00e9hicules, des espaces et des \u00eatres vivants dans une perspective appropri\u00e9e.<\/p>\n","protected":false},"featured_media":5429,"comment_status":"closed","ping_status":"closed","template":"","meta":{"_lmt_disableupdate":"no","_lmt_disable":"","footnotes":""},"product_cat":[70,68,141,127],"product_tag":[],"class_list":["post-16874","product","type-product","status-publish","has-post-thumbnail","hentry","product_cat-montreal-cours-art","product_cat-cours-de-dessin-traditionnel","product_cat-classes-inactives-sursite","product_cat-cours-sur-place-syn-studio"],"yoast_head":"<!-- This site is optimized with the Yoast SEO plugin v22.5 - https:\/\/yoast.com\/wordpress\/plugins\/seo\/ -->\n<title>Les fondements de la perspective - En pr\u00e9sentiel - Syn Studio<\/title>\n<meta name=\"description\" content=\"Ma\u00eetrisez la perspective cr\u00e9dible au Cestar Coll\u00e8ge - Syn Studio. R\u00e9alisez des sc\u00e8nes r\u00e9alistes avec architecture, accessoires, v\u00e9hicules et sujets vivants.\" \/>\n<meta name=\"robots\" content=\"index, follow, max-snippet:-1, max-image-preview:large, max-video-preview:-1\" \/>\n<link rel=\"canonical\" href=\"https:\/\/synstudio.ca\/fr\/montreal-cours-art\/les-fondements-de-la-perspective-copy\/\" \/>\n<meta property=\"og:locale\" content=\"fr_FR\" \/>\n<meta property=\"og:type\" content=\"article\" \/>\n<meta property=\"og:title\" content=\"Les fondements de la perspective - En pr\u00e9sentiel - Syn Studio\" \/>\n<meta property=\"og:description\" content=\"Ma\u00eetrisez la perspective cr\u00e9dible au Cestar Coll\u00e8ge - Syn Studio. R\u00e9alisez des sc\u00e8nes r\u00e9alistes avec architecture, accessoires, v\u00e9hicules et sujets vivants.\" \/>\n<meta property=\"og:url\" content=\"https:\/\/synstudio.ca\/fr\/montreal-cours-art\/les-fondements-de-la-perspective-copy\/\" \/>\n<meta property=\"og:site_name\" content=\"Syn Studio\" \/>\n<meta property=\"article:modified_time\" content=\"2025-06-18T16:04:15+00:00\" \/>\n<meta property=\"og:image\" content=\"https:\/\/synstudio.ca\/wp-content\/uploads\/2020\/04\/Course_Perspective_lead.jpg\" \/>\n\t<meta property=\"og:image:width\" content=\"1000\" \/>\n\t<meta property=\"og:image:height\" content=\"780\" \/>\n\t<meta property=\"og:image:type\" content=\"image\/jpeg\" \/>\n<meta name=\"twitter:card\" content=\"summary_large_image\" \/>\n<!-- \/ Yoast SEO plugin. -->","yoast_head_json":{"title":"Les fondements de la perspective - En pr\u00e9sentiel - Syn Studio","description":"Ma\u00eetrisez la perspective cr\u00e9dible au Cestar Coll\u00e8ge - Syn Studio. R\u00e9alisez des sc\u00e8nes r\u00e9alistes avec architecture, accessoires, v\u00e9hicules et sujets vivants.","robots":{"index":"index","follow":"follow","max-snippet":"max-snippet:-1","max-image-preview":"max-image-preview:large","max-video-preview":"max-video-preview:-1"},"canonical":"https:\/\/synstudio.ca\/fr\/montreal-cours-art\/les-fondements-de-la-perspective-copy\/","og_locale":"fr_FR","og_type":"article","og_title":"Les fondements de la perspective - En pr\u00e9sentiel - Syn Studio","og_description":"Ma\u00eetrisez la perspective cr\u00e9dible au Cestar Coll\u00e8ge - Syn Studio. R\u00e9alisez des sc\u00e8nes r\u00e9alistes avec architecture, accessoires, v\u00e9hicules et sujets vivants.","og_url":"https:\/\/synstudio.ca\/fr\/montreal-cours-art\/les-fondements-de-la-perspective-copy\/","og_site_name":"Syn Studio","article_modified_time":"2025-06-18T16:04:15+00:00","og_image":[{"width":1000,"height":780,"url":"https:\/\/synstudio.ca\/wp-content\/uploads\/2020\/04\/Course_Perspective_lead.jpg","type":"image\/jpeg"}],"twitter_card":"summary_large_image","schema":{"@context":"https:\/\/schema.org","@graph":[{"@type":"WebPage","@id":"https:\/\/synstudio.ca\/fr\/montreal-cours-art\/les-fondements-de-la-perspective-copy\/","url":"https:\/\/synstudio.ca\/fr\/montreal-cours-art\/les-fondements-de-la-perspective-copy\/","name":"Les fondements de la perspective - En pr\u00e9sentiel - Syn Studio","isPartOf":{"@id":"https:\/\/synstudio.ca\/fr\/#website"},"primaryImageOfPage":{"@id":"https:\/\/synstudio.ca\/fr\/montreal-cours-art\/les-fondements-de-la-perspective-copy\/#primaryimage"},"image":{"@id":"https:\/\/synstudio.ca\/fr\/montreal-cours-art\/les-fondements-de-la-perspective-copy\/#primaryimage"},"thumbnailUrl":"https:\/\/synstudio.ca\/wp-content\/uploads\/2020\/04\/Course_Perspective_lead.jpg","datePublished":"2024-01-30T23:08:42+00:00","dateModified":"2025-06-18T16:04:15+00:00","description":"Ma\u00eetrisez la perspective cr\u00e9dible au Cestar Coll\u00e8ge - Syn Studio. R\u00e9alisez des sc\u00e8nes r\u00e9alistes avec architecture, accessoires, v\u00e9hicules et sujets vivants.","breadcrumb":{"@id":"https:\/\/synstudio.ca\/fr\/montreal-cours-art\/les-fondements-de-la-perspective-copy\/#breadcrumb"},"inLanguage":"fr-FR","potentialAction":[{"@type":"ReadAction","target":["https:\/\/synstudio.ca\/fr\/montreal-cours-art\/les-fondements-de-la-perspective-copy\/"]}]},{"@type":"ImageObject","inLanguage":"fr-FR","@id":"https:\/\/synstudio.ca\/fr\/montreal-cours-art\/les-fondements-de-la-perspective-copy\/#primaryimage","url":"https:\/\/synstudio.ca\/wp-content\/uploads\/2020\/04\/Course_Perspective_lead.jpg","contentUrl":"https:\/\/synstudio.ca\/wp-content\/uploads\/2020\/04\/Course_Perspective_lead.jpg","width":1000,"height":780},{"@type":"WebSite","@id":"https:\/\/synstudio.ca\/fr\/#website","url":"https:\/\/synstudio.ca\/fr\/","name":"Syn Studio","description":"Syn Studio is a Montreal art school specializing in teaching concept art and illustration for the entertainment industry.","publisher":{"@id":"https:\/\/synstudio.ca\/fr\/#organization"},"potentialAction":[{"@type":"SearchAction","target":{"@type":"EntryPoint","urlTemplate":"https:\/\/synstudio.ca\/fr\/?s={search_term_string}"},"query-input":"required name=search_term_string"}],"inLanguage":"fr-FR"},{"@type":"Organization","@id":"https:\/\/synstudio.ca\/fr\/#organization","name":"Syn Studio","url":"https:\/\/synstudio.ca\/fr\/","logo":{"@type":"ImageObject","inLanguage":"fr-FR","@id":"https:\/\/synstudio.ca\/fr\/#\/schema\/logo\/image\/","url":"https:\/\/synstudio.ca\/wp-content\/uploads\/2021\/01\/logo-email.png","contentUrl":"https:\/\/synstudio.ca\/wp-content\/uploads\/2021\/01\/logo-email.png","width":250,"height":105,"caption":"Syn Studio"},"image":{"@id":"https:\/\/synstudio.ca\/fr\/#\/schema\/logo\/image\/"}}]}},"_links":{"self":[{"href":"https:\/\/synstudio.ca\/fr\/wp-json\/wp\/v3\/product\/16874","targetHints":{"allow":["GET"]}}],"collection":[{"href":"https:\/\/synstudio.ca\/fr\/wp-json\/wp\/v3\/product"}],"about":[{"href":"https:\/\/synstudio.ca\/fr\/wp-json\/wp\/v2\/types\/product"}],"replies":[{"embeddable":true,"href":"https:\/\/synstudio.ca\/fr\/wp-json\/wp\/v2\/comments?post=16874"}],"version-history":[{"count":0,"href":"https:\/\/synstudio.ca\/fr\/wp-json\/wp\/v3\/product\/16874\/revisions"}],"wp:featuredmedia":[{"embeddable":true,"href":"https:\/\/synstudio.ca\/fr\/wp-json\/wp\/v2\/media\/5429"}],"wp:attachment":[{"href":"https:\/\/synstudio.ca\/fr\/wp-json\/wp\/v2\/media?parent=16874"}],"wp:term":[{"taxonomy":"product_cat","embeddable":true,"href":"https:\/\/synstudio.ca\/fr\/wp-json\/wp\/v2\/product_cat?post=16874"},{"taxonomy":"product_tag","embeddable":true,"href":"https:\/\/synstudio.ca\/fr\/wp-json\/wp\/v2\/product_tag?post=16874"}],"curies":[{"name":"wp","href":"https:\/\/api.w.org\/{rel}","templated":true}]}}