{"id":12139,"date":"2022-08-11T16:57:57","date_gmt":"2022-08-11T20:57:57","guid":{"rendered":"https:\/\/synstudio.ca\/?post_type=product&#038;p=12139"},"modified":"2025-04-17T16:13:49","modified_gmt":"2025-04-17T20:13:49","slug":"introduction-a-aquarelle","status":"publish","type":"product","link":"https:\/\/synstudio.ca\/fr\/cours-sur-place-syn-studio\/introduction-a-aquarelle\/","title":{"rendered":"Introduction \u00e0 Aquarelle &#8211; En pr\u00e9sentiel"},"content":{"rendered":"","protected":false},"excerpt":{"rendered":"<p>(Ce cours est bilingue) Un cours de 10 semaines qui vous enseigne les outils et les techniques de base de la peinture \u00e0 l&rsquo;aquarelle.<\/p>\n","protected":false},"featured_media":12145,"comment_status":"closed","ping_status":"closed","template":"","meta":{"_lmt_disableupdate":"no","_lmt_disable":"","footnotes":""},"product_cat":[70,69,141,127],"product_tag":[],"class_list":["post-12139","product","type-product","status-publish","has-post-thumbnail","hentry","product_cat-montreal-cours-art","product_cat-cours-de-peinture-traditionnels","product_cat-classes-inactives-sursite","product_cat-cours-sur-place-syn-studio"],"yoast_head":"<!-- This site is optimized with the Yoast SEO plugin v22.5 - https:\/\/yoast.com\/wordpress\/plugins\/seo\/ -->\n<title>Introduction \u00e0 Aquarelle - En pr\u00e9sentiel - Syn Studio<\/title>\n<meta name=\"description\" content=\"Introduction \u00e0 l\u2019aquarelle couvre le m\u00e9lange, les couches et le travail au pinceau pour cr\u00e9er des peintures \u00e0 l\u2019aquarelle expressives et d\u00e9taill\u00e9es.\" \/>\n<meta name=\"robots\" content=\"index, follow, max-snippet:-1, max-image-preview:large, max-video-preview:-1\" \/>\n<link rel=\"canonical\" href=\"https:\/\/synstudio.ca\/fr\/cours-sur-place-syn-studio\/introduction-a-aquarelle\/\" \/>\n<meta property=\"og:locale\" content=\"fr_FR\" \/>\n<meta property=\"og:type\" content=\"article\" \/>\n<meta property=\"og:title\" content=\"Introduction \u00e0 Aquarelle - En pr\u00e9sentiel - Syn Studio\" \/>\n<meta property=\"og:description\" content=\"Introduction \u00e0 l\u2019aquarelle couvre le m\u00e9lange, les couches et le travail au pinceau pour cr\u00e9er des peintures \u00e0 l\u2019aquarelle expressives et d\u00e9taill\u00e9es.\" \/>\n<meta property=\"og:url\" content=\"https:\/\/synstudio.ca\/fr\/cours-sur-place-syn-studio\/introduction-a-aquarelle\/\" \/>\n<meta property=\"og:site_name\" content=\"Syn Studio\" \/>\n<meta property=\"article:modified_time\" content=\"2025-04-17T20:13:49+00:00\" \/>\n<meta property=\"og:image\" content=\"https:\/\/synstudio.ca\/wp-content\/uploads\/2022\/08\/cpicheco11.jpeg\" \/>\n\t<meta property=\"og:image:width\" content=\"1000\" \/>\n\t<meta property=\"og:image:height\" content=\"681\" \/>\n\t<meta property=\"og:image:type\" content=\"image\/jpeg\" \/>\n<meta name=\"twitter:card\" content=\"summary_large_image\" \/>\n<!-- \/ Yoast SEO plugin. -->","yoast_head_json":{"title":"Introduction \u00e0 Aquarelle - En pr\u00e9sentiel - Syn Studio","description":"Introduction \u00e0 l\u2019aquarelle couvre le m\u00e9lange, les couches et le travail au pinceau pour cr\u00e9er des peintures \u00e0 l\u2019aquarelle expressives et d\u00e9taill\u00e9es.","robots":{"index":"index","follow":"follow","max-snippet":"max-snippet:-1","max-image-preview":"max-image-preview:large","max-video-preview":"max-video-preview:-1"},"canonical":"https:\/\/synstudio.ca\/fr\/cours-sur-place-syn-studio\/introduction-a-aquarelle\/","og_locale":"fr_FR","og_type":"article","og_title":"Introduction \u00e0 Aquarelle - En pr\u00e9sentiel - Syn Studio","og_description":"Introduction \u00e0 l\u2019aquarelle couvre le m\u00e9lange, les couches et le travail au pinceau pour cr\u00e9er des peintures \u00e0 l\u2019aquarelle expressives et d\u00e9taill\u00e9es.","og_url":"https:\/\/synstudio.ca\/fr\/cours-sur-place-syn-studio\/introduction-a-aquarelle\/","og_site_name":"Syn Studio","article_modified_time":"2025-04-17T20:13:49+00:00","og_image":[{"width":1000,"height":681,"url":"https:\/\/synstudio.ca\/wp-content\/uploads\/2022\/08\/cpicheco11.jpeg","type":"image\/jpeg"}],"twitter_card":"summary_large_image","schema":{"@context":"https:\/\/schema.org","@graph":[{"@type":"WebPage","@id":"https:\/\/synstudio.ca\/fr\/cours-sur-place-syn-studio\/introduction-a-aquarelle\/","url":"https:\/\/synstudio.ca\/fr\/cours-sur-place-syn-studio\/introduction-a-aquarelle\/","name":"Introduction \u00e0 Aquarelle - En pr\u00e9sentiel - Syn Studio","isPartOf":{"@id":"https:\/\/synstudio.ca\/fr\/#website"},"primaryImageOfPage":{"@id":"https:\/\/synstudio.ca\/fr\/cours-sur-place-syn-studio\/introduction-a-aquarelle\/#primaryimage"},"image":{"@id":"https:\/\/synstudio.ca\/fr\/cours-sur-place-syn-studio\/introduction-a-aquarelle\/#primaryimage"},"thumbnailUrl":"https:\/\/synstudio.ca\/wp-content\/uploads\/2022\/08\/cpicheco11.jpeg","datePublished":"2022-08-11T20:57:57+00:00","dateModified":"2025-04-17T20:13:49+00:00","description":"Introduction \u00e0 l\u2019aquarelle couvre le m\u00e9lange, les couches et le travail au pinceau pour cr\u00e9er des peintures \u00e0 l\u2019aquarelle expressives et d\u00e9taill\u00e9es.","breadcrumb":{"@id":"https:\/\/synstudio.ca\/fr\/cours-sur-place-syn-studio\/introduction-a-aquarelle\/#breadcrumb"},"inLanguage":"fr-FR","potentialAction":[{"@type":"ReadAction","target":["https:\/\/synstudio.ca\/fr\/cours-sur-place-syn-studio\/introduction-a-aquarelle\/"]}]},{"@type":"ImageObject","inLanguage":"fr-FR","@id":"https:\/\/synstudio.ca\/fr\/cours-sur-place-syn-studio\/introduction-a-aquarelle\/#primaryimage","url":"https:\/\/synstudio.ca\/wp-content\/uploads\/2022\/08\/cpicheco11.jpeg","contentUrl":"https:\/\/synstudio.ca\/wp-content\/uploads\/2022\/08\/cpicheco11.jpeg","width":1000,"height":681},{"@type":"WebSite","@id":"https:\/\/synstudio.ca\/fr\/#website","url":"https:\/\/synstudio.ca\/fr\/","name":"Syn Studio","description":"Syn Studio is a Montreal art school specializing in teaching concept art and illustration for the entertainment industry.","publisher":{"@id":"https:\/\/synstudio.ca\/fr\/#organization"},"potentialAction":[{"@type":"SearchAction","target":{"@type":"EntryPoint","urlTemplate":"https:\/\/synstudio.ca\/fr\/?s={search_term_string}"},"query-input":"required name=search_term_string"}],"inLanguage":"fr-FR"},{"@type":"Organization","@id":"https:\/\/synstudio.ca\/fr\/#organization","name":"Syn Studio","url":"https:\/\/synstudio.ca\/fr\/","logo":{"@type":"ImageObject","inLanguage":"fr-FR","@id":"https:\/\/synstudio.ca\/fr\/#\/schema\/logo\/image\/","url":"https:\/\/synstudio.ca\/wp-content\/uploads\/2021\/01\/logo-email.png","contentUrl":"https:\/\/synstudio.ca\/wp-content\/uploads\/2021\/01\/logo-email.png","width":250,"height":105,"caption":"Syn Studio"},"image":{"@id":"https:\/\/synstudio.ca\/fr\/#\/schema\/logo\/image\/"}}]}},"_links":{"self":[{"href":"https:\/\/synstudio.ca\/fr\/wp-json\/wp\/v3\/product\/12139","targetHints":{"allow":["GET"]}}],"collection":[{"href":"https:\/\/synstudio.ca\/fr\/wp-json\/wp\/v3\/product"}],"about":[{"href":"https:\/\/synstudio.ca\/fr\/wp-json\/wp\/v2\/types\/product"}],"replies":[{"embeddable":true,"href":"https:\/\/synstudio.ca\/fr\/wp-json\/wp\/v2\/comments?post=12139"}],"version-history":[{"count":0,"href":"https:\/\/synstudio.ca\/fr\/wp-json\/wp\/v3\/product\/12139\/revisions"}],"wp:featuredmedia":[{"embeddable":true,"href":"https:\/\/synstudio.ca\/fr\/wp-json\/wp\/v2\/media\/12145"}],"wp:attachment":[{"href":"https:\/\/synstudio.ca\/fr\/wp-json\/wp\/v2\/media?parent=12139"}],"wp:term":[{"taxonomy":"product_cat","embeddable":true,"href":"https:\/\/synstudio.ca\/fr\/wp-json\/wp\/v2\/product_cat?post=12139"},{"taxonomy":"product_tag","embeddable":true,"href":"https:\/\/synstudio.ca\/fr\/wp-json\/wp\/v2\/product_tag?post=12139"}],"curies":[{"name":"wp","href":"https:\/\/api.w.org\/{rel}","templated":true}]}}