{"id":5482,"date":"2020-06-18T19:16:46","date_gmt":"2020-06-18T23:16:46","guid":{"rendered":"https:\/\/synstudio.ca\/?page_id=5482"},"modified":"2024-07-25T02:04:41","modified_gmt":"2024-07-25T06:04:41","slug":"politiques","status":"publish","type":"page","link":"https:\/\/synstudio.ca\/fr\/politiques\/","title":{"rendered":"Politiques"},"content":{"rendered":"<p><a href=\"https:\/\/synstudio.ca\/fr\/politique-de-confidentialite\/\">Politique de Confidentialit\u00e9<\/a><\/p>\n<p><a href=\"https:\/\/synstudio.ca\/wp-content\/uploads\/2023\/11\/School-Policies_FR_2023.pdf\">Nos Politiques 2023<\/a><\/p>\n<p><a href=\"https:\/\/synstudio.ca\/wp-content\/uploads\/2023\/11\/Cestar-College-Syn-Studio-POLITIQUE-VISANT-A-PREVENIR-ET-A-CONTRER-LES-VIOLENCES-A-CARACTERE-SEXUEL.pdf\">Code de Conduite<\/a><\/p>\n","protected":false},"excerpt":{"rendered":"<p>Politique de Confidentialit\u00e9 Nos Politiques 2023 Code de Conduite<\/p>\n","protected":false},"author":3,"featured_media":0,"parent":0,"menu_order":0,"comment_status":"closed","ping_status":"closed","template":"","meta":{"_lmt_disableupdate":"","_lmt_disable":"","footnotes":""},"class_list":["post-5482","page","type-page","status-publish","hentry"],"yoast_head":"<!-- This site is optimized with the Yoast SEO plugin v22.5 - https:\/\/yoast.com\/wordpress\/plugins\/seo\/ -->\n<title>Politiques Syn Studio: Confidentialit\u00e9, \u00c9cole, Conduite<\/title>\n<meta name=\"description\" content=\"D\u00e9couvrez les politiques de Syn Studio! Explorez notre Politique de confidentialit\u00e9, nos Politiques 2023 et notre Code de conduite.\" \/>\n<meta name=\"robots\" content=\"index, follow, max-snippet:-1, max-image-preview:large, max-video-preview:-1\" \/>\n<link rel=\"canonical\" href=\"https:\/\/synstudio.ca\/fr\/politiques\/\" \/>\n<meta property=\"og:locale\" content=\"fr_FR\" \/>\n<meta property=\"og:type\" content=\"article\" \/>\n<meta property=\"og:title\" content=\"Politiques Syn Studio: Confidentialit\u00e9, \u00c9cole, Conduite\" \/>\n<meta property=\"og:description\" content=\"D\u00e9couvrez les politiques de Syn Studio! Explorez notre Politique de confidentialit\u00e9, nos Politiques 2023 et notre Code de conduite.\" \/>\n<meta property=\"og:url\" content=\"https:\/\/synstudio.ca\/fr\/politiques\/\" \/>\n<meta property=\"og:site_name\" content=\"Syn Studio\" \/>\n<meta property=\"article:modified_time\" content=\"2024-07-25T06:04:41+00:00\" \/>\n<meta name=\"twitter:card\" content=\"summary_large_image\" \/>\n<!-- \/ Yoast SEO plugin. -->","yoast_head_json":{"title":"Politiques Syn Studio: Confidentialit\u00e9, \u00c9cole, Conduite","description":"D\u00e9couvrez les politiques de Syn Studio! Explorez notre Politique de confidentialit\u00e9, nos Politiques 2023 et notre Code de conduite.","robots":{"index":"index","follow":"follow","max-snippet":"max-snippet:-1","max-image-preview":"max-image-preview:large","max-video-preview":"max-video-preview:-1"},"canonical":"https:\/\/synstudio.ca\/fr\/politiques\/","og_locale":"fr_FR","og_type":"article","og_title":"Politiques Syn Studio: Confidentialit\u00e9, \u00c9cole, Conduite","og_description":"D\u00e9couvrez les politiques de Syn Studio! Explorez notre Politique de confidentialit\u00e9, nos Politiques 2023 et notre Code de conduite.","og_url":"https:\/\/synstudio.ca\/fr\/politiques\/","og_site_name":"Syn Studio","article_modified_time":"2024-07-25T06:04:41+00:00","twitter_card":"summary_large_image","schema":{"@context":"https:\/\/schema.org","@graph":[{"@type":"WebPage","@id":"https:\/\/synstudio.ca\/fr\/politiques\/","url":"https:\/\/synstudio.ca\/fr\/politiques\/","name":"Politiques Syn Studio: Confidentialit\u00e9, \u00c9cole, Conduite","isPartOf":{"@id":"https:\/\/synstudio.ca\/fr\/#website"},"datePublished":"2020-06-18T23:16:46+00:00","dateModified":"2024-07-25T06:04:41+00:00","description":"D\u00e9couvrez les politiques de Syn Studio! Explorez notre Politique de confidentialit\u00e9, nos Politiques 2023 et notre Code de conduite.","breadcrumb":{"@id":"https:\/\/synstudio.ca\/fr\/politiques\/#breadcrumb"},"inLanguage":"fr-FR","potentialAction":[{"@type":"ReadAction","target":["https:\/\/synstudio.ca\/fr\/politiques\/"]}]},{"@type":"WebSite","@id":"https:\/\/synstudio.ca\/fr\/#website","url":"https:\/\/synstudio.ca\/fr\/","name":"Syn Studio","description":"Syn Studio is a Montreal art school specializing in teaching concept art and illustration for the entertainment industry.","publisher":{"@id":"https:\/\/synstudio.ca\/fr\/#organization"},"potentialAction":[{"@type":"SearchAction","target":{"@type":"EntryPoint","urlTemplate":"https:\/\/synstudio.ca\/fr\/?s={search_term_string}"},"query-input":"required name=search_term_string"}],"inLanguage":"fr-FR"},{"@type":"Organization","@id":"https:\/\/synstudio.ca\/fr\/#organization","name":"Syn Studio","url":"https:\/\/synstudio.ca\/fr\/","logo":{"@type":"ImageObject","inLanguage":"fr-FR","@id":"https:\/\/synstudio.ca\/fr\/#\/schema\/logo\/image\/","url":"https:\/\/synstudio.ca\/wp-content\/uploads\/2021\/01\/logo-email.png","contentUrl":"https:\/\/synstudio.ca\/wp-content\/uploads\/2021\/01\/logo-email.png","width":250,"height":105,"caption":"Syn Studio"},"image":{"@id":"https:\/\/synstudio.ca\/fr\/#\/schema\/logo\/image\/"}}]}},"_links":{"self":[{"href":"https:\/\/synstudio.ca\/fr\/wp-json\/wp\/v2\/pages\/5482","targetHints":{"allow":["GET"]}}],"collection":[{"href":"https:\/\/synstudio.ca\/fr\/wp-json\/wp\/v2\/pages"}],"about":[{"href":"https:\/\/synstudio.ca\/fr\/wp-json\/wp\/v2\/types\/page"}],"author":[{"embeddable":true,"href":"https:\/\/synstudio.ca\/fr\/wp-json\/wp\/v2\/users\/3"}],"replies":[{"embeddable":true,"href":"https:\/\/synstudio.ca\/fr\/wp-json\/wp\/v2\/comments?post=5482"}],"version-history":[{"count":0,"href":"https:\/\/synstudio.ca\/fr\/wp-json\/wp\/v2\/pages\/5482\/revisions"}],"wp:attachment":[{"href":"https:\/\/synstudio.ca\/fr\/wp-json\/wp\/v2\/media?parent=5482"}],"curies":[{"name":"wp","href":"https:\/\/api.w.org\/{rel}","templated":true}]}}