{"id":2032,"date":"2019-07-25T00:47:57","date_gmt":"2019-07-25T00:47:57","guid":{"rendered":"https:\/\/synstudio.ca\/?page_id=2032"},"modified":"2024-09-11T12:20:13","modified_gmt":"2024-09-11T16:20:13","slug":"politique-de-confidentialite","status":"publish","type":"page","link":"https:\/\/synstudio.ca\/fr\/politique-de-confidentialite\/","title":{"rendered":"Politique de Confidentialit\u00e9"},"content":{"rendered":"<p><b>Quel est l&rsquo;objectif de notre politique de protection de la vie priv\u00e9e ?<\/b><\/p>\n<p>Notre politique de confidentialit\u00e9 a \u00e9t\u00e9 \u00e9labor\u00e9e en conformit\u00e9 avec les lois f\u00e9d\u00e9rales et provinciales canadiennes sur la protection de la vie priv\u00e9e. Ce document explique ce qui suit :<\/p>\n<ol>\n<li aria-level=\"1\">Quelles sont les informations que nous recueillons aupr\u00e8s de nos utilisateurs ?<\/li>\n<li aria-level=\"1\">Comment recueillons-nous ces informations ?<\/li>\n<li aria-level=\"1\">\u00c0 quelles fins utilisons-nous vos informations ?<\/li>\n<li aria-level=\"1\">Comment garantissons-nous la protection et la s\u00e9curit\u00e9 des informations recueillies ?<\/li>\n<li aria-level=\"1\">Informations de contact en cas de questions ?<\/li>\n<\/ol>\n<p>Veuillez noter que nos sites peuvent contenir des liens vers des sites web d\u00e9tenus et g\u00e9r\u00e9s par d&rsquo;autres soci\u00e9t\u00e9s. La pr\u00e9sente politique ne s&rsquo;applique pas \u00e0 ces autres sites et services. Nous ne sommes pas responsables de leur contenu ou de leur politique de confidentialit\u00e9.<\/p>\n<p><strong>Modifications de la politique<\/strong><\/p>\n<p>Veuillez noter que Cestar Coll\u00e8ge &#8211; Syn Studio se r\u00e9serve le droit d&rsquo;apporter des modifications \u00e0 cette politique \u00e0 tout moment et que ces modifications seront refl\u00e9t\u00e9es sur notre site web. La date de modification de la politique sera indiqu\u00e9e \u00e0 la fin de cette page. En continuant \u00e0 utiliser notre site web et ses fonctionnalit\u00e9s ou en achetant des produits apr\u00e8s la notification des modifications de notre politique, vous acceptez tous les changements apport\u00e9s. Il vous revient, en tant qu&rsquo;utilisateur, de lire, de comprendre et d&rsquo;accepter la version actualis\u00e9e de cette politique.<\/p>\n<p><b><i>\u00a0<\/i><\/b><\/p>\n<p><b><i>Quelles sont les informations que nous recueillons aupr\u00e8s de nos utilisateurs ?<\/i><\/b><\/p>\n<p>Nous ne recueillons que les informations vous concernant qui sont essentielles pour \u00e9tablir et maintenir notre relation avec vous. Nous recueillons vos informations personnelles directement aupr\u00e8s de vous, avec votre consentement. Toutefois, nous pouvons \u00e9galement recueillir des informations personnelles vous concernant aupr\u00e8s de sources ext\u00e9rieures avec votre consentement, ou sans votre consentement si la loi l&rsquo;autorise.<\/p>\n<p><strong><i>Les types d&rsquo;informations que nous recueillons :<\/i><\/strong><\/p>\n<ol>\n<li aria-level=\"1\">Des informations personnelles telles que vos nom et pr\u00e9nom, votre date de naissance, votre adresse compl\u00e8te, votre num\u00e9ro de t\u00e9l\u00e9phone et votre adresse \u00e9lectronique.<\/li>\n<li aria-level=\"1\">Des donn\u00e9es statistiques qui ne r\u00e9v\u00e8lent pas votre identit\u00e9, telles que des informations d\u00e9mographiques ou statistiques. Ces donn\u00e9es ne r\u00e9v\u00e8lent pas directement ou indirectement votre identit\u00e9, mais sont plut\u00f4t d\u00e9riv\u00e9es de vos informations personnelles pour nous aider \u00e0 mieux comprendre le comportement des utilisateurs sur notre site web.<\/li>\n<li aria-level=\"1\">Des informations techniques telles que les d\u00e9tails de l&rsquo;appareil, le type de navigateur et le syst\u00e8me d&rsquo;exploitation utilis\u00e9, afin d&rsquo;identifier les mod\u00e8les de comportement de l&rsquo;utilisateur sur notre site web.<\/li>\n<li aria-level=\"1\">Vos actions sur le site web, y compris vos clics, les pages consult\u00e9es, le temps pass\u00e9 sur la page et l&rsquo;action finale, qui nous aideront \u00e0 tracer le parcours de votre client sur le site web.<\/li>\n<li aria-level=\"1\">Les informations de paiement fournies au moment de l&rsquo;achat sont collect\u00e9es exclusivement par des fournisseurs de solutions de paiement tels que Moneris ou PayPal, ainsi que par des solutions de pr\u00e9vention des fraudes. Nous ne conservons aucune de vos informations de paiement dans nos archives.<\/li>\n<li aria-level=\"1\">Les informations personnelles soumises par les candidats potentiels lorsqu&rsquo;ils postulent pour un emploi ou \u00e0 un stage annonc\u00e9 sur notre site web.<\/li>\n<\/ol>\n<p><b><i>\u00a0<\/i><\/b><\/p>\n<p><b><i>Comment recueillons-nous ces informations ?<\/i><\/b><\/p>\n<p><i>Lorsque vous interagissez avec Cestar Coll\u00e8ge &#8211; Syn Studio en effectuant l&rsquo;une des actions suivantes :<\/i><\/p>\n<ol>\n<li aria-level=\"1\">Acheter un cours, un atelier, un webinaire ou une revue de portfolio sur notre site web<\/li>\n<li aria-level=\"1\">Remplir le formulaire de demande d&rsquo;admission pour le programme Conception Artistique AEC (NTL.1A) ou le programme Concept Art en ligne.<\/li>\n<li aria-level=\"1\">S\u2019abonner \u00e0 notre lettre d&rsquo;information sur notre site web ou sur le blog.<\/li>\n<li aria-level=\"1\">Soumettre une question par le biais du formulaire de notre site web ou directement par courrier \u00e9lectronique<\/li>\n<li aria-level=\"1\">Contacter notre \u00e9quipe administrative par t\u00e9l\u00e9phone ou par courriel<\/li>\n<li aria-level=\"1\">Interagir avec nos plateformes de m\u00e9dias sociaux<\/li>\n<li aria-level=\"1\">Participer \u00e0 des concours ou \u00e0 des enqu\u00eates<\/li>\n<\/ol>\n<p>Veuillez noter que nous ne gardons pas de trace de vos achats ni des informations sensibles que vous fournissez lors de ces achats. Nous limitons la collecte aux seules informations essentielles<\/p>\n<p><strong><i>En utilisant des cookies<\/i><\/strong><\/p>\n<p>Les cookies sont de petits fichiers qui sont stock\u00e9s sur votre ordinateur lorsque vous visitez un site web. Nous utilisons les cookies pour compiler des informations sur vous, vos pr\u00e9f\u00e9rences ou votre appareil, chaque fois que vous visitez notre site web. Ces informations ne nous permettent pas de vous identifier directement et ne sont utilis\u00e9es que pour vous offrir une exp\u00e9rience web plus personnalis\u00e9e.<\/p>\n<p><b>Remarque : <\/b>nous vous donnons la possibilit\u00e9 d&rsquo;accepter ou de refuser certains types de cookies lorsque vous visitez notre site web. Des services tiers externes collectent \u00e9galement des informations lorsque vous visitez notre site web. Ces services ont leurs propres politiques de confidentialit\u00e9 et nous ne sommes pas responsables de ces politiques.<\/p>\n<p>Cookies strictement n\u00e9cessaires &#8211; Il s&rsquo;agit de cookies essentiels qui sont n\u00e9cessaires pour que les sites web fonctionnent comme ils sont cens\u00e9s le faire.\u00a0 Ces actions comprennent la possibilit\u00e9 d&rsquo;ajouter des articles \u00e0 votre panier ou d&rsquo;acheter des cours\/webinaires, etc. sur notre site web. Les cookies strictement n\u00e9cessaires ne requi\u00e8rent aucun contenu de la part de l&rsquo;utilisateur et la plupart des lois sur les cookies autorisent les cookies strictement n\u00e9cessaires \u00e0 ne pas demander le consentement de l&rsquo;utilisateur avant d&rsquo;effectuer leurs actions. Ces cookies ne recueillent aucune information sur l&rsquo;utilisateur.<\/p>\n<p>Cookies de performance &#8211; Ces cookies permettent de contr\u00f4ler, d&rsquo;analyser et d&rsquo;am\u00e9liorer les performances du site. Les informations collect\u00e9es par ces cookies sont agr\u00e9g\u00e9es et donc anonymes. Nous utilisons Google Analytics pour mesurer les performances du site gr\u00e2ce \u00e0 ces cookies. Google enregistre les informations collect\u00e9es et peut les transmettre \u00e0 des tiers si la loi l&rsquo;exige. En utilisant notre site web, vous consentez au traitement de vos donn\u00e9es par Google de la mani\u00e8re et aux fins indiqu\u00e9es ci-dessus.<\/p>\n<p><b><i>\u00a0<\/i><\/b><\/p>\n<p><b><i>\u00c0 quelles fins utilisons-nous vos informations ?<\/i><\/b><\/p>\n<ol>\n<li aria-level=\"1\">Pour traiter votre commande et fournir des informations sur l&rsquo;\u00e9tat de votre commande.<\/li>\n<li aria-level=\"1\">Pour r\u00e9pondre aux questions que vous posez sur notre site web<\/li>\n<li aria-level=\"1\">Pour vous fournir des informations sur nos produits et nos services susceptibles de vous int\u00e9resser par le biais de bulletins d&rsquo;information.<\/li>\n<li aria-level=\"1\">Pour g\u00e9rer un concours, une promotion ou une enqu\u00eate<\/li>\n<li aria-level=\"1\">Pour pr\u00e9venir les erreurs et la fraude et se conformer \u00e0 nos obligations l\u00e9gales<\/li>\n<\/ol>\n<p>Remarque : toutes les utilisations susmentionn\u00e9es de vos informations personnelles ne permettront pas de vous identifier. Vos informations personnelles ne seront pas utilis\u00e9es \u00e0 d&rsquo;autres fins que celles d\u00e9crites ci-dessus, sauf si vous y consentez ou si la loi l&rsquo;exige ou l&rsquo;autorise.<\/p>\n<p><b><i>Combien de temps conservons-nous vos donn\u00e9es personnelles ?<\/i><\/b><\/p>\n<p>Nous ne conservons vos informations personnelles que pendant la dur\u00e9e raisonnablement n\u00e9cessaire aux fins \u00e9nonc\u00e9es dans la pr\u00e9sente politique, ou plus longtemps si la loi l&rsquo;exige.<\/p>\n<p><b><i>Mesures de sauvegarde employ\u00e9es<\/i><\/b><\/p>\n<p>Nous avons mis en place une politique de s\u00e9curit\u00e9 de l&rsquo;information afin de prot\u00e9ger vos donn\u00e9es personnelles contre la perte ou le vol, l&rsquo;acc\u00e8s non autoris\u00e9, la copie, la r\u00e9utilisation ou la modification.<\/p>\n<p>Nous utilisons des mesures de sauvegarde physiques, organisationnelles et technologiques strictes pour garantir que l&rsquo;exactitude et l&rsquo;exhaustivit\u00e9 des informations que nous recueillons ne sont pas compromises.<\/p>\n<p><b><i>\u00a0<\/i><\/b><\/p>\n<p><b><i>Divulguons-nous des informations \u00e0 des tiers ?<\/i><\/b><\/p>\n<p>Nous ne vendons pas, n&rsquo;\u00e9changeons pas et ne transf\u00e9rons pas de quelque mani\u00e8re que ce soit \u00e0 des tiers vos informations personnelles identifiables. Cela n&rsquo;inclut pas les tiers de confiance qui nous aident \u00e0 exploiter notre site web, \u00e0 mener nos activit\u00e9s ou \u00e0 vous fournir des services, pour autant que ces parties acceptent de garder ces informations confidentielles. Nous pouvons \u00e9galement divulguer vos informations lorsque nous estimons qu&rsquo;il est appropri\u00e9 de le faire pour respecter la loi, appliquer les politiques de notre site ou prot\u00e9ger nos droits, notre propri\u00e9t\u00e9 ou notre s\u00e9curit\u00e9, ainsi que ceux d&rsquo;autres personnes. Toutefois, des informations non personnellement identifiables sur les visiteurs peuvent \u00eatre fournies \u00e0 d&rsquo;autres parties \u00e0 des fins de marketing, de publicit\u00e9 ou autres.<\/p>\n<p><b><i>\u00a0<\/i><\/b><\/p>\n<p><b><i>Conformit\u00e9 \u00e0 la loi californienne sur la protection de la vie priv\u00e9e en ligne<\/i><\/b><\/p>\n<p>Parce que nous attachons de l&rsquo;importance \u00e0 votre vie priv\u00e9e, nous avons pris les pr\u00e9cautions n\u00e9cessaires pour nous conformer \u00e0 la loi californienne sur la protection de la vie priv\u00e9e en ligne (California Online Privacy Protection Act). Par cons\u00e9quent, nous ne communiquerons pas vos informations personnelles \u00e0 des tiers sans votre consentement.<\/p>\n<p><b><i>Conformit\u00e9 \u00e0 la loi sur la protection de la vie priv\u00e9e des enfants en ligne<\/i><\/b><b><i><br \/>\n<\/i><\/b> Nous nous conformons aux exigences de la loi COPPA (Childrens Online Privacy Protection Act), nous ne recueillons aucune information aupr\u00e8s de personnes \u00e2g\u00e9es de moins de 13 ans. Notre site web, nos produits et nos services s&rsquo;adressent \u00e0 des personnes \u00e2g\u00e9es d&rsquo;au moins 13 ans.<\/p>\n<p><b><i>Votre consentement<\/i><\/b><\/p>\n<p>En utilisant notre site, vous acceptez notre politique de confidentialit\u00e9. Vous pouvez retirer votre consentement \u00e0 tout moment, sous r\u00e9serve de restrictions l\u00e9gales et contractuelles et d&rsquo;un pr\u00e9avis raisonnable.<\/p>\n<p><b><i>Modifications de notre politique de confidentialit\u00e9<\/i><\/b><\/p>\n<p>Si nous d\u00e9cidons de modifier notre politique de confidentialit\u00e9, nous publierons ces modifications sur cette page et\/ou mettrons \u00e0 jour la date de modification de la politique de confidentialit\u00e9. Cette politique a \u00e9t\u00e9 modifi\u00e9e pour la derni\u00e8re fois le 9 janvier 2024.<\/p>\n<p><b><i>Contact<\/i><\/b><\/p>\n<p>Toutes les questions ou pr\u00e9occupations concernant la pr\u00e9sente politique ou la collecte, l&rsquo;utilisation et la divulgation de vos informations personnelles peuvent \u00eatre adress\u00e9es \u00e0 l&rsquo;adresse suivante :<\/p>\n<p>Coll\u00e8ge Cestar &#8211; Syn Studio<\/p>\n<p>3440 Ontario St E<\/p>\n<p>Montreal, QC H1W 1P9, Canada<\/p>\n<p><b>Responsable de la protection de la vie priv\u00e9e<\/b><\/p>\n<p>Cl\u00e9ment Perrier | Directeur d&rsquo;\u00e9cole<\/p>\n<p>clement@synstudio.ca | 5149987625<\/p>\n<p>3440 Ontario St E, Montreal, QC H1W 1P9, Canada<\/p>\n","protected":false},"excerpt":{"rendered":"<p>Quel est l&rsquo;objectif de notre politique de protection de la vie priv\u00e9e ? Notre politique de confidentialit\u00e9 a \u00e9t\u00e9 \u00e9labor\u00e9e en conformit\u00e9 avec les lois f\u00e9d\u00e9rales et provinciales canadiennes sur la protection de la vie priv\u00e9e. Ce document explique ce qui suit : Quelles sont les informations que nous recueillons aupr\u00e8s de nos utilisateurs ? [&hellip;]<\/p>\n","protected":false},"author":3,"featured_media":0,"parent":0,"menu_order":0,"comment_status":"closed","ping_status":"closed","template":"","meta":{"_lmt_disableupdate":"","_lmt_disable":"","footnotes":""},"class_list":["post-2032","page","type-page","status-publish","hentry"],"yoast_head":"<!-- This site is optimized with the Yoast SEO plugin v22.5 - https:\/\/yoast.com\/wordpress\/plugins\/seo\/ -->\n<title>Politique de Confidentialit\u00e9 - Syn Studio<\/title>\n<meta name=\"description\" content=\"D\u00e9couvrez notre Politique de Confidentialit\u00e9 d\u00e9taill\u00e9e chez Syn Studio. Apprenez vos droits et notre engagement pour la s\u00e9curit\u00e9 des donn\u00e9es.\" \/>\n<meta name=\"robots\" content=\"index, follow, max-snippet:-1, max-image-preview:large, max-video-preview:-1\" \/>\n<link rel=\"canonical\" href=\"https:\/\/synstudio.ca\/fr\/politique-de-confidentialite\/\" \/>\n<meta property=\"og:locale\" content=\"fr_FR\" \/>\n<meta property=\"og:type\" content=\"article\" \/>\n<meta property=\"og:title\" content=\"Politique de Confidentialit\u00e9 - Syn Studio\" \/>\n<meta property=\"og:description\" content=\"D\u00e9couvrez notre Politique de Confidentialit\u00e9 d\u00e9taill\u00e9e chez Syn Studio. Apprenez vos droits et notre engagement pour la s\u00e9curit\u00e9 des donn\u00e9es.\" \/>\n<meta property=\"og:url\" content=\"https:\/\/synstudio.ca\/fr\/politique-de-confidentialite\/\" \/>\n<meta property=\"og:site_name\" content=\"Syn Studio\" \/>\n<meta property=\"article:modified_time\" content=\"2024-09-11T16:20:13+00:00\" \/>\n<meta name=\"twitter:card\" content=\"summary_large_image\" \/>\n<!-- \/ Yoast SEO plugin. -->","yoast_head_json":{"title":"Politique de Confidentialit\u00e9 - Syn Studio","description":"D\u00e9couvrez notre Politique de Confidentialit\u00e9 d\u00e9taill\u00e9e chez Syn Studio. Apprenez vos droits et notre engagement pour la s\u00e9curit\u00e9 des donn\u00e9es.","robots":{"index":"index","follow":"follow","max-snippet":"max-snippet:-1","max-image-preview":"max-image-preview:large","max-video-preview":"max-video-preview:-1"},"canonical":"https:\/\/synstudio.ca\/fr\/politique-de-confidentialite\/","og_locale":"fr_FR","og_type":"article","og_title":"Politique de Confidentialit\u00e9 - Syn Studio","og_description":"D\u00e9couvrez notre Politique de Confidentialit\u00e9 d\u00e9taill\u00e9e chez Syn Studio. Apprenez vos droits et notre engagement pour la s\u00e9curit\u00e9 des donn\u00e9es.","og_url":"https:\/\/synstudio.ca\/fr\/politique-de-confidentialite\/","og_site_name":"Syn Studio","article_modified_time":"2024-09-11T16:20:13+00:00","twitter_card":"summary_large_image","schema":{"@context":"https:\/\/schema.org","@graph":[{"@type":"WebPage","@id":"https:\/\/synstudio.ca\/fr\/politique-de-confidentialite\/","url":"https:\/\/synstudio.ca\/fr\/politique-de-confidentialite\/","name":"Politique de Confidentialit\u00e9 - Syn Studio","isPartOf":{"@id":"https:\/\/synstudio.ca\/fr\/#website"},"datePublished":"2019-07-25T00:47:57+00:00","dateModified":"2024-09-11T16:20:13+00:00","description":"D\u00e9couvrez notre Politique de Confidentialit\u00e9 d\u00e9taill\u00e9e chez Syn Studio. Apprenez vos droits et notre engagement pour la s\u00e9curit\u00e9 des donn\u00e9es.","breadcrumb":{"@id":"https:\/\/synstudio.ca\/fr\/politique-de-confidentialite\/#breadcrumb"},"inLanguage":"fr-FR","potentialAction":[{"@type":"ReadAction","target":["https:\/\/synstudio.ca\/fr\/politique-de-confidentialite\/"]}]},{"@type":"WebSite","@id":"https:\/\/synstudio.ca\/fr\/#website","url":"https:\/\/synstudio.ca\/fr\/","name":"Syn Studio","description":"Syn Studio is a Montreal art school specializing in teaching concept art and illustration for the entertainment industry.","publisher":{"@id":"https:\/\/synstudio.ca\/fr\/#organization"},"potentialAction":[{"@type":"SearchAction","target":{"@type":"EntryPoint","urlTemplate":"https:\/\/synstudio.ca\/fr\/?s={search_term_string}"},"query-input":"required name=search_term_string"}],"inLanguage":"fr-FR"},{"@type":"Organization","@id":"https:\/\/synstudio.ca\/fr\/#organization","name":"Syn Studio","url":"https:\/\/synstudio.ca\/fr\/","logo":{"@type":"ImageObject","inLanguage":"fr-FR","@id":"https:\/\/synstudio.ca\/fr\/#\/schema\/logo\/image\/","url":"https:\/\/synstudio.ca\/wp-content\/uploads\/2021\/01\/logo-email.png","contentUrl":"https:\/\/synstudio.ca\/wp-content\/uploads\/2021\/01\/logo-email.png","width":250,"height":105,"caption":"Syn Studio"},"image":{"@id":"https:\/\/synstudio.ca\/fr\/#\/schema\/logo\/image\/"}}]}},"_links":{"self":[{"href":"https:\/\/synstudio.ca\/fr\/wp-json\/wp\/v2\/pages\/2032","targetHints":{"allow":["GET"]}}],"collection":[{"href":"https:\/\/synstudio.ca\/fr\/wp-json\/wp\/v2\/pages"}],"about":[{"href":"https:\/\/synstudio.ca\/fr\/wp-json\/wp\/v2\/types\/page"}],"author":[{"embeddable":true,"href":"https:\/\/synstudio.ca\/fr\/wp-json\/wp\/v2\/users\/3"}],"replies":[{"embeddable":true,"href":"https:\/\/synstudio.ca\/fr\/wp-json\/wp\/v2\/comments?post=2032"}],"version-history":[{"count":0,"href":"https:\/\/synstudio.ca\/fr\/wp-json\/wp\/v2\/pages\/2032\/revisions"}],"wp:attachment":[{"href":"https:\/\/synstudio.ca\/fr\/wp-json\/wp\/v2\/media?parent=2032"}],"curies":[{"name":"wp","href":"https:\/\/api.w.org\/{rel}","templated":true}]}}