{"id":17840,"date":"2024-07-16T12:04:25","date_gmt":"2024-07-16T16:04:25","guid":{"rendered":"https:\/\/synstudio.ca\/?page_id=17840"},"modified":"2026-05-04T13:33:48","modified_gmt":"2026-05-04T17:33:48","slug":"demande-de-paiement","status":"publish","type":"page","link":"https:\/\/synstudio.ca\/fr\/demande-de-paiement\/","title":{"rendered":"Proc\u00e9dure de Candidature aux Programmes"},"content":{"rendered":"","protected":false},"excerpt":{"rendered":"","protected":false},"author":3,"featured_media":0,"parent":0,"menu_order":0,"comment_status":"closed","ping_status":"closed","template":"page-templates\/application-payment.php","meta":{"_lmt_disableupdate":"no","_lmt_disable":"","footnotes":""},"class_list":["post-17840","page","type-page","status-publish","hentry"],"yoast_head":"<!-- This site is optimized with the Yoast SEO plugin v22.5 - https:\/\/yoast.com\/wordpress\/plugins\/seo\/ -->\n<title>Proc\u00e9dure de Candidature aux Programmes - Syn Studio<\/title>\n<meta name=\"description\" content=\"Instructions \u00e9tape par \u00e9tape pour postuler aux programmes \u00e0 temps plein de Syn Studio.\" \/>\n<meta name=\"robots\" content=\"index, follow, max-snippet:-1, max-image-preview:large, max-video-preview:-1\" \/>\n<link rel=\"canonical\" href=\"https:\/\/synstudio.ca\/fr\/demande-de-paiement\/\" \/>\n<meta property=\"og:locale\" content=\"fr_FR\" \/>\n<meta property=\"og:type\" content=\"article\" \/>\n<meta property=\"og:title\" content=\"Proc\u00e9dure de Candidature aux Programmes - Syn Studio\" \/>\n<meta property=\"og:description\" content=\"Instructions \u00e9tape par \u00e9tape pour postuler aux programmes \u00e0 temps plein de Syn Studio.\" \/>\n<meta property=\"og:url\" content=\"https:\/\/synstudio.ca\/fr\/demande-de-paiement\/\" \/>\n<meta property=\"og:site_name\" content=\"Syn Studio\" \/>\n<meta property=\"article:modified_time\" content=\"2026-05-04T17:33:48+00:00\" \/>\n<meta name=\"twitter:card\" content=\"summary_large_image\" \/>\n<!-- \/ Yoast SEO plugin. -->","yoast_head_json":{"title":"Proc\u00e9dure de Candidature aux Programmes - Syn Studio","description":"Instructions \u00e9tape par \u00e9tape pour postuler aux programmes \u00e0 temps plein de Syn Studio.","robots":{"index":"index","follow":"follow","max-snippet":"max-snippet:-1","max-image-preview":"max-image-preview:large","max-video-preview":"max-video-preview:-1"},"canonical":"https:\/\/synstudio.ca\/fr\/demande-de-paiement\/","og_locale":"fr_FR","og_type":"article","og_title":"Proc\u00e9dure de Candidature aux Programmes - Syn Studio","og_description":"Instructions \u00e9tape par \u00e9tape pour postuler aux programmes \u00e0 temps plein de Syn Studio.","og_url":"https:\/\/synstudio.ca\/fr\/demande-de-paiement\/","og_site_name":"Syn Studio","article_modified_time":"2026-05-04T17:33:48+00:00","twitter_card":"summary_large_image","schema":{"@context":"https:\/\/schema.org","@graph":[{"@type":"WebPage","@id":"https:\/\/synstudio.ca\/fr\/demande-de-paiement\/","url":"https:\/\/synstudio.ca\/fr\/demande-de-paiement\/","name":"Proc\u00e9dure de Candidature aux Programmes - Syn Studio","isPartOf":{"@id":"https:\/\/synstudio.ca\/fr\/#website"},"datePublished":"2024-07-16T16:04:25+00:00","dateModified":"2026-05-04T17:33:48+00:00","description":"Instructions \u00e9tape par \u00e9tape pour postuler aux programmes \u00e0 temps plein de Syn Studio.","breadcrumb":{"@id":"https:\/\/synstudio.ca\/fr\/demande-de-paiement\/#breadcrumb"},"inLanguage":"fr-FR","potentialAction":[{"@type":"ReadAction","target":["https:\/\/synstudio.ca\/fr\/demande-de-paiement\/"]}]},{"@type":"WebSite","@id":"https:\/\/synstudio.ca\/fr\/#website","url":"https:\/\/synstudio.ca\/fr\/","name":"Syn Studio","description":"Syn Studio is a Montreal art school specializing in teaching concept art and illustration for the entertainment industry.","publisher":{"@id":"https:\/\/synstudio.ca\/fr\/#organization"},"potentialAction":[{"@type":"SearchAction","target":{"@type":"EntryPoint","urlTemplate":"https:\/\/synstudio.ca\/fr\/?s={search_term_string}"},"query-input":"required name=search_term_string"}],"inLanguage":"fr-FR"},{"@type":"Organization","@id":"https:\/\/synstudio.ca\/fr\/#organization","name":"Syn Studio","url":"https:\/\/synstudio.ca\/fr\/","logo":{"@type":"ImageObject","inLanguage":"fr-FR","@id":"https:\/\/synstudio.ca\/fr\/#\/schema\/logo\/image\/","url":"https:\/\/synstudio.ca\/wp-content\/uploads\/2021\/01\/logo-email.png","contentUrl":"https:\/\/synstudio.ca\/wp-content\/uploads\/2021\/01\/logo-email.png","width":250,"height":105,"caption":"Syn Studio"},"image":{"@id":"https:\/\/synstudio.ca\/fr\/#\/schema\/logo\/image\/"}}]}},"_links":{"self":[{"href":"https:\/\/synstudio.ca\/fr\/wp-json\/wp\/v2\/pages\/17840","targetHints":{"allow":["GET"]}}],"collection":[{"href":"https:\/\/synstudio.ca\/fr\/wp-json\/wp\/v2\/pages"}],"about":[{"href":"https:\/\/synstudio.ca\/fr\/wp-json\/wp\/v2\/types\/page"}],"author":[{"embeddable":true,"href":"https:\/\/synstudio.ca\/fr\/wp-json\/wp\/v2\/users\/3"}],"replies":[{"embeddable":true,"href":"https:\/\/synstudio.ca\/fr\/wp-json\/wp\/v2\/comments?post=17840"}],"version-history":[{"count":0,"href":"https:\/\/synstudio.ca\/fr\/wp-json\/wp\/v2\/pages\/17840\/revisions"}],"wp:attachment":[{"href":"https:\/\/synstudio.ca\/fr\/wp-json\/wp\/v2\/media?parent=17840"}],"curies":[{"name":"wp","href":"https:\/\/api.w.org\/{rel}","templated":true}]}}